{"id":2594,"date":"2022-06-14T07:37:28","date_gmt":"2022-06-14T07:37:28","guid":{"rendered":"https:\/\/parcodellepiscine.it\/?page_id=2594"},"modified":"2022-06-14T12:26:54","modified_gmt":"2022-06-14T12:26:54","slug":"nouvelles-et-evenements","status":"publish","type":"page","link":"https:\/\/parcodellepiscine.it\/fr\/nouvelles-et-evenements\/","title":{"rendered":"Nouvelles et \u00e9v\u00e9nements"},"content":{"rendered":"<section class=\"l-section wpb_row height_small width_full with_img\"><div class=\"l-section-img\" style=\"background-image: url(https:\/\/parcodellepiscine.it\/wp-content\/uploads\/2021\/11\/parco-delle-piscine-sarteano-siena-piscine-acqua-termale-01.jpeg);background-repeat: no-repeat;\" data-img-width=\"1920\" data-img-height=\"1080\"><\/div><div class=\"l-section-h i-cf\"><div class=\"g-cols via_grid cols_1 laptops-cols_inherit tablets-cols_inherit mobiles-cols_1 valign_top type_default\"><div class=\"wpb_column vc_column_container\"><div class=\"vc_column-inner\"><div class=\"ult-spacer spacer-69d7211cc5e59\" data-id=\"69d7211cc5e59\" data-height=\"400\" data-height-mobile=\"400\" data-height-tab=\"400\" data-height-tab-portrait=\"\" data-height-mobile-landscape=\"\" style=\"clear:both;display:block;\"><\/div><\/div><\/div><\/div><\/div><\/section><section class=\"l-section wpb_row height_medium\"><div class=\"l-section-h i-cf\"><div class=\"g-cols via_grid cols_1 laptops-cols_inherit tablets-cols_inherit mobiles-cols_1 valign_top type_default\"><div class=\"wpb_column vc_column_container\"><div class=\"vc_column-inner\"><div class=\"wpb_text_column us_custom_98ad5d8d has_text_color\"><div class=\"wpb_wrapper\"><h1 style=\"text-align: center;\">\nNouvelles et \u00e9v\u00e9nements en Toscane<\/h1>\n<\/div><\/div><div class=\"w-separator us_custom_c772279b size_small has_font_size with_line width_50 thick_1 style_solid color_primary align_center with_content\"><div class=\"w-separator-h\"><i class=\"far fa-envira\"><\/i><\/div><\/div><\/div><\/div><\/div><\/div><\/section><section class=\"l-section wpb_row height_medium\"><div class=\"l-section-h i-cf\"><div class=\"g-cols via_grid cols_1 laptops-cols_inherit tablets-cols_inherit mobiles-cols_1 valign_top type_default\"><div class=\"wpb_column vc_column_container\"><div class=\"vc_column-inner\"><div class=\"w-grid type_grid layout_532 cols_2 overflow_hidden\" id=\"us_grid_1\" data-filterable=\"true\"><style>#us_grid_1 .w-grid-item{padding:1.5rem}#us_grid_1 .w-grid-list{margin:-1.5rem}.w-grid + #us_grid_1 .w-grid-list{margin-top:1.5rem}@media (max-width:599px){#us_grid_1 .w-grid-list{margin:0}#us_grid_1 .w-grid-item{width:100%;padding:0;margin-bottom:1.5rem}}.layout_532 .w-grid-item-h{background:var(--color-header-transparent-bg);color:var(--color-content-heading)}.layout_532 .usg_vwrapper_2{transition-duration:0.3s;transform-origin:50% 50%;transform:scale(1) translate(0%,0%)}.layout_532 .w-grid-item-h:hover .usg_vwrapper_2{transform:scale(1.05) translate(0%,0%);opacity:1}.layout_532 .usg_vwrapper_1{padding:15px!important}.layout_532 .usg_post_title_1{color:var(--color-header-middle-bg)!important;font-family:Dancing Script!important;font-size:35px!important}.layout_532 .usg_btn_1{text-align:right!important}.layout_532 .usg_hwrapper_1{margin-top:-20px!important;padding:15px!important}.layout_532 .usg_vwrapper_2{background:var(--color-chrome-toolbar)!important}<\/style><div class=\"w-grid-list\">\t<article class=\"w-grid-item size_1x1 post-3664 post type-post status-publish format-standard has-post-thumbnail hentry category-nouvelles-et-evenements\" data-id=\"3664\">\r\n\t\t<div class=\"w-grid-item-h\">\r\n\t\t\t\t\t\t<div class=\"w-vwrapper usg_vwrapper_2 align_none valign_top\"><div class=\"w-post-elm post_image usg_post_image_1 has_ratio\"><div style=\"padding-bottom:56.25%\"><\/div><a href=\"https:\/\/parcodellepiscine.it\/fr\/offre-speciale-2026\/\" aria-label=\"Offre sp\u00e9ciale 2026\"><img width=\"1024\" height=\"334\" src=\"https:\/\/parcodellepiscine.it\/wp-content\/uploads\/2025\/08\/unnamed-3.jpg\" class=\"attachment-large size-large wp-post-image\" alt=\"\" loading=\"lazy\" \/><\/a><\/div><div class=\"w-vwrapper usg_vwrapper_1 align_center valign_top\"><h2 class=\"w-post-elm post_title usg_post_title_1 entry-title color_link_inherit has_text_color\"><a href=\"https:\/\/parcodellepiscine.it\/fr\/offre-speciale-2026\/\">Offre sp\u00e9ciale 2026<\/a><\/h2><\/div><div class=\"w-hwrapper usg_hwrapper_1 align_center valign_top\" style=\"--hwrapper-gap:1.20rem\"><a class=\"w-btn us-btn-style_3 usg_btn_1\" href=\"https:\/\/parcodellepiscine.it\/fr\/offre-speciale-2026\/\"><span class=\"w-btn-label\">D\u00e9tails<\/span><\/a><\/div><\/div>\t\t<\/div>\r\n\t<\/article>\r\n\t<article class=\"w-grid-item size_1x1 post-2616 post type-post status-publish format-standard has-post-thumbnail hentry category-nouvelles-et-evenements\" data-id=\"2616\">\r\n\t\t<div class=\"w-grid-item-h\">\r\n\t\t\t\t\t\t<div class=\"w-vwrapper usg_vwrapper_2 align_none valign_top\"><div class=\"w-post-elm post_image usg_post_image_1 has_ratio\"><div style=\"padding-bottom:56.25%\"><\/div><a href=\"https:\/\/parcodellepiscine.it\/fr\/reouverture-2026\/\" aria-label=\"R\u00e9ouverture 2026\"><img width=\"1024\" height=\"576\" src=\"https:\/\/parcodellepiscine.it\/wp-content\/uploads\/2022\/05\/parco-delle-piscine-sarteano-gallery-sistemazioni-22-1024x576.jpeg\" class=\"attachment-large size-large wp-post-image\" alt=\"\" loading=\"lazy\" srcset=\"https:\/\/parcodellepiscine.it\/wp-content\/uploads\/2022\/05\/parco-delle-piscine-sarteano-gallery-sistemazioni-22-1024x576.jpeg 1024w, https:\/\/parcodellepiscine.it\/wp-content\/uploads\/2022\/05\/parco-delle-piscine-sarteano-gallery-sistemazioni-22-300x169.jpeg 300w, https:\/\/parcodellepiscine.it\/wp-content\/uploads\/2022\/05\/parco-delle-piscine-sarteano-gallery-sistemazioni-22-100x56.jpeg 100w, https:\/\/parcodellepiscine.it\/wp-content\/uploads\/2022\/05\/parco-delle-piscine-sarteano-gallery-sistemazioni-22-150x84.jpeg 150w, https:\/\/parcodellepiscine.it\/wp-content\/uploads\/2022\/05\/parco-delle-piscine-sarteano-gallery-sistemazioni-22.jpeg 1920w\" sizes=\"(max-width: 1024px) 100vw, 1024px\" \/><\/a><\/div><div class=\"w-vwrapper usg_vwrapper_1 align_center valign_top\"><h2 class=\"w-post-elm post_title usg_post_title_1 entry-title color_link_inherit has_text_color\"><a href=\"https:\/\/parcodellepiscine.it\/fr\/reouverture-2026\/\">R\u00e9ouverture 2026<\/a><\/h2><\/div><div class=\"w-hwrapper usg_hwrapper_1 align_center valign_top\" style=\"--hwrapper-gap:1.20rem\"><a class=\"w-btn us-btn-style_3 usg_btn_1\" href=\"https:\/\/parcodellepiscine.it\/fr\/reouverture-2026\/\"><span class=\"w-btn-label\">D\u00e9tails<\/span><\/a><\/div><\/div>\t\t<\/div>\r\n\t<\/article>\r\n<\/div><div class=\"w-grid-preloader\"><div class=\"g-preloader type_1\">\r\n\t<div><\/div>\r\n<\/div>\r\n<\/div>\t<div class=\"w-grid-json hidden\" onclick='return {&quot;action&quot;:&quot;us_ajax_grid&quot;,&quot;ajax_url&quot;:&quot;https:\\\/\\\/parcodellepiscine.it\\\/wp-admin\\\/admin-ajax.php&quot;,&quot;infinite_scroll&quot;:0,&quot;max_num_pages&quot;:1,&quot;pagination&quot;:&quot;none&quot;,&quot;permalink_url&quot;:&quot;https:\\\/\\\/parcodellepiscine.it\\\/fr\\\/wp-json\\\/wp\\\/v2\\\/pages\\\/2594\\\/&quot;,&quot;template_vars&quot;:{&quot;columns&quot;:&quot;2&quot;,&quot;exclude_items&quot;:&quot;none&quot;,&quot;img_size&quot;:&quot;default&quot;,&quot;ignore_items_size&quot;:false,&quot;items_layout&quot;:&quot;532&quot;,&quot;items_offset&quot;:&quot;1&quot;,&quot;load_animation&quot;:&quot;none&quot;,&quot;overriding_link&quot;:&quot;none&quot;,&quot;post_id&quot;:2594,&quot;query_args&quot;:{&quot;post_type&quot;:[&quot;post&quot;],&quot;tax_query&quot;:[{&quot;taxonomy&quot;:&quot;category&quot;,&quot;field&quot;:&quot;slug&quot;,&quot;terms&quot;:[&quot;nouvelles-et-evenements&quot;]}],&quot;post_status&quot;:[&quot;publish&quot;,&quot;acf-disabled&quot;,&quot;dp-rewrite-republish&quot;],&quot;posts_per_page&quot;:&quot;10&quot;},&quot;orderby_query_args&quot;:{&quot;orderby&quot;:{&quot;date&quot;:&quot;DESC&quot;}},&quot;type&quot;:&quot;grid&quot;,&quot;us_grid_ajax_index&quot;:1,&quot;us_grid_filter_params&quot;:null,&quot;us_grid_index&quot;:1,&quot;_us_grid_post_type&quot;:&quot;post&quot;,&quot;lang&quot;:&quot;fr&quot;}}'><\/div>\r\n\t<\/div><\/div><\/div><\/div><\/div><\/section>\n","protected":false},"excerpt":{"rendered":"R\u00e9ouverture 2026 ContactsChers clients, le Parco delle Piscine est actuellement ferm\u00e9 pour les vacances d&rsquo;hiver. Nous avons h\u00e2te de vous revoir \u00e0 partir du 17 avril prochain pour la saison 2026.","protected":false},"author":1,"featured_media":2607,"parent":0,"menu_order":0,"comment_status":"closed","ping_status":"closed","template":"","meta":[],"acf":[],"yoast_head":"<!-- This site is optimized with the Yoast SEO plugin v17.5 - https:\/\/yoast.com\/wordpress\/plugins\/seo\/ -->\n<title>Nouvelles et \u00e9v\u00e9nements | Parco delle Piscine<\/title>\n<meta name=\"robots\" content=\"index, follow, max-snippet:-1, max-image-preview:large, max-video-preview:-1\" \/>\n<link rel=\"canonical\" href=\"https:\/\/parcodellepiscine.it\/fr\/nouvelles-et-evenements\/\" \/>\n<meta property=\"og:locale\" content=\"fr_FR\" \/>\n<meta property=\"og:type\" content=\"article\" \/>\n<meta property=\"og:title\" content=\"Nouvelles et \u00e9v\u00e9nements | Parco delle Piscine\" \/>\n<meta property=\"og:url\" content=\"https:\/\/parcodellepiscine.it\/fr\/nouvelles-et-evenements\/\" \/>\n<meta property=\"og:site_name\" content=\"Parco delle Piscine\" \/>\n<meta property=\"article:publisher\" content=\"https:\/\/www.facebook.com\/parcodellepiscine.sarteano\/\" \/>\n<meta property=\"article:modified_time\" content=\"2022-06-14T12:26:54+00:00\" \/>\n<meta property=\"og:image\" content=\"https:\/\/parcodellepiscine.it\/wp-content\/uploads\/2022\/06\/parco-delle-piscine-sarteano-camping-village-siena-04.jpg\" \/>\n\t<meta property=\"og:image:width\" content=\"1200\" \/>\n\t<meta property=\"og:image:height\" content=\"798\" \/>\n<meta name=\"twitter:card\" content=\"summary_large_image\" \/>\n<meta name=\"twitter:site\" content=\"@Parcopiscine\" \/>\n<meta name=\"twitter:label1\" content=\"Dur\u00e9e de lecture est.\" \/>\n\t<meta name=\"twitter:data1\" content=\"1 minute\" \/>\n<script type=\"application\/ld+json\" class=\"yoast-schema-graph\">{\"@context\":\"https:\/\/schema.org\",\"@graph\":[{\"@type\":\"Organization\",\"@id\":\"https:\/\/parcodellepiscine.it\/#organization\",\"name\":\"Parco delle Piscine\",\"url\":\"https:\/\/parcodellepiscine.it\/\",\"sameAs\":[\"https:\/\/www.facebook.com\/parcodellepiscine.sarteano\/\",\"https:\/\/www.instagram.com\/parco_delle_piscine_sarteano\/\",\"https:\/\/www.youtube.com\/playlist?list=PLlmqBT-RHG23qLOF_DGv9w-_B3_uVa9Ur\",\"https:\/\/twitter.com\/Parcopiscine\"],\"logo\":{\"@type\":\"ImageObject\",\"@id\":\"https:\/\/parcodellepiscine.it\/#logo\",\"inLanguage\":\"fr-FR\",\"url\":\"https:\/\/parcodellepiscine.it\/wp-content\/uploads\/2021\/11\/parco-delle-piscine-sarteano-siena-piscine-02.jpeg\",\"contentUrl\":\"https:\/\/parcodellepiscine.it\/wp-content\/uploads\/2021\/11\/parco-delle-piscine-sarteano-siena-piscine-02.jpeg\",\"width\":1280,\"height\":720,\"caption\":\"Parco delle Piscine\"},\"image\":{\"@id\":\"https:\/\/parcodellepiscine.it\/#logo\"}},{\"@type\":\"WebSite\",\"@id\":\"https:\/\/parcodellepiscine.it\/#website\",\"url\":\"https:\/\/parcodellepiscine.it\/\",\"name\":\"Parco delle Piscine Sarteano\",\"description\":\"Camping Village a quattro stelle\",\"publisher\":{\"@id\":\"https:\/\/parcodellepiscine.it\/#organization\"},\"potentialAction\":[{\"@type\":\"SearchAction\",\"target\":{\"@type\":\"EntryPoint\",\"urlTemplate\":\"https:\/\/parcodellepiscine.it\/?s={search_term_string}\"},\"query-input\":\"required name=search_term_string\"}],\"inLanguage\":\"fr-FR\"},{\"@type\":\"ImageObject\",\"@id\":\"https:\/\/parcodellepiscine.it\/fr\/nouvelles-et-evenements\/#primaryimage\",\"inLanguage\":\"fr-FR\",\"url\":\"https:\/\/parcodellepiscine.it\/wp-content\/uploads\/2022\/06\/parco-delle-piscine-sarteano-camping-village-siena-04.jpg\",\"contentUrl\":\"https:\/\/parcodellepiscine.it\/wp-content\/uploads\/2022\/06\/parco-delle-piscine-sarteano-camping-village-siena-04.jpg\",\"width\":1200,\"height\":798},{\"@type\":\"WebPage\",\"@id\":\"https:\/\/parcodellepiscine.it\/fr\/nouvelles-et-evenements\/#webpage\",\"url\":\"https:\/\/parcodellepiscine.it\/fr\/nouvelles-et-evenements\/\",\"name\":\"Nouvelles et \\u00e9v\\u00e9nements | Parco delle Piscine\",\"isPartOf\":{\"@id\":\"https:\/\/parcodellepiscine.it\/#website\"},\"primaryImageOfPage\":{\"@id\":\"https:\/\/parcodellepiscine.it\/fr\/nouvelles-et-evenements\/#primaryimage\"},\"datePublished\":\"2022-06-14T07:37:28+00:00\",\"dateModified\":\"2022-06-14T12:26:54+00:00\",\"breadcrumb\":{\"@id\":\"https:\/\/parcodellepiscine.it\/fr\/nouvelles-et-evenements\/#breadcrumb\"},\"inLanguage\":\"fr-FR\",\"potentialAction\":[{\"@type\":\"ReadAction\",\"target\":[\"https:\/\/parcodellepiscine.it\/fr\/nouvelles-et-evenements\/\"]}]},{\"@type\":\"BreadcrumbList\",\"@id\":\"https:\/\/parcodellepiscine.it\/fr\/nouvelles-et-evenements\/#breadcrumb\",\"itemListElement\":[{\"@type\":\"ListItem\",\"position\":1,\"name\":\"Home\",\"item\":\"https:\/\/parcodellepiscine.it\/fr\/\"},{\"@type\":\"ListItem\",\"position\":2,\"name\":\"Nouvelles et \\u00e9v\\u00e9nements\"}]}]}<\/script>\n<!-- \/ Yoast SEO plugin. -->","yoast_head_json":{"title":"Nouvelles et \u00e9v\u00e9nements | Parco delle Piscine","robots":{"index":"index","follow":"follow","max-snippet":"max-snippet:-1","max-image-preview":"max-image-preview:large","max-video-preview":"max-video-preview:-1"},"canonical":"https:\/\/parcodellepiscine.it\/fr\/nouvelles-et-evenements\/","og_locale":"fr_FR","og_type":"article","og_title":"Nouvelles et \u00e9v\u00e9nements | Parco delle Piscine","og_url":"https:\/\/parcodellepiscine.it\/fr\/nouvelles-et-evenements\/","og_site_name":"Parco delle Piscine","article_publisher":"https:\/\/www.facebook.com\/parcodellepiscine.sarteano\/","article_modified_time":"2022-06-14T12:26:54+00:00","og_image":[{"width":1200,"height":798,"url":"https:\/\/parcodellepiscine.it\/wp-content\/uploads\/2022\/06\/parco-delle-piscine-sarteano-camping-village-siena-04.jpg","type":"image\/jpeg"}],"twitter_card":"summary_large_image","twitter_site":"@Parcopiscine","twitter_misc":{"Dur\u00e9e de lecture est.":"1 minute"},"schema":{"@context":"https:\/\/schema.org","@graph":[{"@type":"Organization","@id":"https:\/\/parcodellepiscine.it\/#organization","name":"Parco delle Piscine","url":"https:\/\/parcodellepiscine.it\/","sameAs":["https:\/\/www.facebook.com\/parcodellepiscine.sarteano\/","https:\/\/www.instagram.com\/parco_delle_piscine_sarteano\/","https:\/\/www.youtube.com\/playlist?list=PLlmqBT-RHG23qLOF_DGv9w-_B3_uVa9Ur","https:\/\/twitter.com\/Parcopiscine"],"logo":{"@type":"ImageObject","@id":"https:\/\/parcodellepiscine.it\/#logo","inLanguage":"fr-FR","url":"https:\/\/parcodellepiscine.it\/wp-content\/uploads\/2021\/11\/parco-delle-piscine-sarteano-siena-piscine-02.jpeg","contentUrl":"https:\/\/parcodellepiscine.it\/wp-content\/uploads\/2021\/11\/parco-delle-piscine-sarteano-siena-piscine-02.jpeg","width":1280,"height":720,"caption":"Parco delle Piscine"},"image":{"@id":"https:\/\/parcodellepiscine.it\/#logo"}},{"@type":"WebSite","@id":"https:\/\/parcodellepiscine.it\/#website","url":"https:\/\/parcodellepiscine.it\/","name":"Parco delle Piscine Sarteano","description":"Camping Village a quattro stelle","publisher":{"@id":"https:\/\/parcodellepiscine.it\/#organization"},"potentialAction":[{"@type":"SearchAction","target":{"@type":"EntryPoint","urlTemplate":"https:\/\/parcodellepiscine.it\/?s={search_term_string}"},"query-input":"required name=search_term_string"}],"inLanguage":"fr-FR"},{"@type":"ImageObject","@id":"https:\/\/parcodellepiscine.it\/fr\/nouvelles-et-evenements\/#primaryimage","inLanguage":"fr-FR","url":"https:\/\/parcodellepiscine.it\/wp-content\/uploads\/2022\/06\/parco-delle-piscine-sarteano-camping-village-siena-04.jpg","contentUrl":"https:\/\/parcodellepiscine.it\/wp-content\/uploads\/2022\/06\/parco-delle-piscine-sarteano-camping-village-siena-04.jpg","width":1200,"height":798},{"@type":"WebPage","@id":"https:\/\/parcodellepiscine.it\/fr\/nouvelles-et-evenements\/#webpage","url":"https:\/\/parcodellepiscine.it\/fr\/nouvelles-et-evenements\/","name":"Nouvelles et \u00e9v\u00e9nements | Parco delle Piscine","isPartOf":{"@id":"https:\/\/parcodellepiscine.it\/#website"},"primaryImageOfPage":{"@id":"https:\/\/parcodellepiscine.it\/fr\/nouvelles-et-evenements\/#primaryimage"},"datePublished":"2022-06-14T07:37:28+00:00","dateModified":"2022-06-14T12:26:54+00:00","breadcrumb":{"@id":"https:\/\/parcodellepiscine.it\/fr\/nouvelles-et-evenements\/#breadcrumb"},"inLanguage":"fr-FR","potentialAction":[{"@type":"ReadAction","target":["https:\/\/parcodellepiscine.it\/fr\/nouvelles-et-evenements\/"]}]},{"@type":"BreadcrumbList","@id":"https:\/\/parcodellepiscine.it\/fr\/nouvelles-et-evenements\/#breadcrumb","itemListElement":[{"@type":"ListItem","position":1,"name":"Home","item":"https:\/\/parcodellepiscine.it\/fr\/"},{"@type":"ListItem","position":2,"name":"Nouvelles et \u00e9v\u00e9nements"}]}]}},"_links":{"self":[{"href":"https:\/\/parcodellepiscine.it\/fr\/wp-json\/wp\/v2\/pages\/2594"}],"collection":[{"href":"https:\/\/parcodellepiscine.it\/fr\/wp-json\/wp\/v2\/pages"}],"about":[{"href":"https:\/\/parcodellepiscine.it\/fr\/wp-json\/wp\/v2\/types\/page"}],"author":[{"embeddable":true,"href":"https:\/\/parcodellepiscine.it\/fr\/wp-json\/wp\/v2\/users\/1"}],"replies":[{"embeddable":true,"href":"https:\/\/parcodellepiscine.it\/fr\/wp-json\/wp\/v2\/comments?post=2594"}],"version-history":[{"count":6,"href":"https:\/\/parcodellepiscine.it\/fr\/wp-json\/wp\/v2\/pages\/2594\/revisions"}],"predecessor-version":[{"id":2648,"href":"https:\/\/parcodellepiscine.it\/fr\/wp-json\/wp\/v2\/pages\/2594\/revisions\/2648"}],"wp:featuredmedia":[{"embeddable":true,"href":"https:\/\/parcodellepiscine.it\/fr\/wp-json\/wp\/v2\/media\/2607"}],"wp:attachment":[{"href":"https:\/\/parcodellepiscine.it\/fr\/wp-json\/wp\/v2\/media?parent=2594"}],"curies":[{"name":"wp","href":"https:\/\/api.w.org\/{rel}","templated":true}]}}