{"id":1517,"date":"2021-11-19T12:55:53","date_gmt":"2021-11-19T12:55:53","guid":{"rendered":"https:\/\/parcodellepiscine.it\/camping-4-etoiles-en-toscane\/"},"modified":"2022-05-03T13:31:43","modified_gmt":"2022-05-03T13:31:43","slug":"camping-4-etoiles-en-toscane","status":"publish","type":"page","link":"https:\/\/parcodellepiscine.it\/fr\/camping-4-etoiles-en-toscane\/","title":{"rendered":"Camping 4 \u00e9toiles en toscane"},"content":{"rendered":"<section class=\"l-section wpb_row height_small width_full with_img\"><div class=\"l-section-img\" style=\"background-image: url(https:\/\/parcodellepiscine.it\/wp-content\/uploads\/2021\/11\/parco-delle-piscine-sarteano-case-mobili-06.jpeg);background-repeat: no-repeat;\" data-img-width=\"1920\" data-img-height=\"1080\"><\/div><div class=\"l-section-h i-cf\"><div class=\"g-cols via_grid cols_1 laptops-cols_inherit tablets-cols_inherit mobiles-cols_1 valign_top type_default\"><div class=\"wpb_column vc_column_container\"><div class=\"vc_column-inner\"><div class=\"ult-spacer spacer-69d7c0489856f\" data-id=\"69d7c0489856f\" data-height=\"400\" data-height-mobile=\"400\" data-height-tab=\"400\" data-height-tab-portrait=\"\" data-height-mobile-landscape=\"\" style=\"clear:both;display:block;\"><\/div><\/div><\/div><\/div><\/div><\/section><section class=\"l-section wpb_row height_medium width_full\"><div class=\"l-section-h i-cf\"><div class=\"g-cols via_grid cols_1 laptops-cols_inherit tablets-cols_inherit mobiles-cols_1 valign_top type_default\"><div class=\"wpb_column vc_column_container\"><div class=\"vc_column-inner\"><div class=\"wpb_text_column us_custom_98ad5d8d has_text_color\"><div class=\"wpb_wrapper\"><h1 style=\"text-align: center;\">Camping 4 \u00e9toiles en toscane<\/h1>\n<\/div><\/div><div class=\"w-separator us_custom_c772279b size_small has_font_size with_line width_50 thick_1 style_solid color_primary align_center with_content\"><div class=\"w-separator-h\"><i class=\"far fa-envira\"><\/i><\/div><\/div><div class=\"wpb_text_column us_custom_926b8073 has_text_color\"><div class=\"wpb_wrapper\"><h3 style=\"text-align: center;\">Parfaits pour ceux qui aiment se d\u00e9tendre en plein c\u0153ur de la nature<\/h3>\n<\/div><\/div><div class=\"ult-spacer spacer-69d7c04898ea6\" data-id=\"69d7c04898ea6\" data-height=\"30\" data-height-mobile=\"30\" data-height-tab=\"30\" data-height-tab-portrait=\"\" data-height-mobile-landscape=\"\" style=\"clear:both;display:block;\"><\/div><div class=\"g-cols wpb_row via_grid cols_1-4-1 laptops-cols_inherit tablets-cols_inherit mobiles-cols_1 valign_middle type_default\"><div class=\"wpb_column vc_column_container  hide_on_mobiles\"><div class=\"vc_column-inner\"><\/div><\/div><div class=\"wpb_column vc_column_container\"><div class=\"vc_column-inner\"><div class=\"wpb_text_column\"><div class=\"wpb_wrapper\"><p style=\"text-align: center;\">Notre camping 4 \u00e9toiles, situ\u00e9 \u00e0 Sarteano, dans la province de Sienne, met \u00e0 la disposition de ses h\u00f4tes des mobil-homes, des emplacements et d&rsquo;autres types d&rsquo;h\u00e9bergements pour que vos vacances en Toscane soient inoubliables. Nos mobil-homes, selon le type, disposent de 4 ou 5 lits, une ou deux salles de bains, un s\u00e9jour avec lit double et une cuisine. Ils poss\u00e8dent tous \u00e0 l&rsquo;ext\u00e9rieur un balcon ou un patio couverts. Pour accueillir les tentes, caravanes et camping-cars, nous avons des emplacements entour\u00e9s sur trois c\u00f4t\u00e9s d&rsquo;une haie afin de garantir aux h\u00f4tes la tranquillit\u00e9 et l&rsquo;intimit\u00e9, pour ceux qui souhaitent se ressourcer pendant leurs vacances ; pour ceux qui aiment socialiser et faire de nouvelles connaissances, nous avons r\u00e9alis\u00e9 des emplacements non d\u00e9limit\u00e9s sur un terrain ouvert. Pour ceux qui aiment le camping sans renoncer \u00e0 un minimum de confort, nous avons am\u00e9nag\u00e9 d&rsquo;autres types d&rsquo;h\u00e9bergements, tels que les tentes \u00e9quip\u00e9es, dot\u00e9es de 4 lits et d&rsquo;une cuisine (ne disposant pas de salles de bains ni du raccordement \u00e0 l&rsquo;eau courante).<\/p>\n<p style=\"text-align: center;\">D\u00e9couvrez tous les d\u00e9tails dans les menus d\u00e9di\u00e9s et choisissez l&rsquo;h\u00e9bergement qui convient le mieux \u00e0 vos vacances !<\/p>\n<\/div><\/div><div class=\"ult-spacer spacer-69d7c0489930d\" data-id=\"69d7c0489930d\" data-height=\"0\" data-height-mobile=\"20\" data-height-tab=\"0\" data-height-tab-portrait=\"0\" data-height-mobile-landscape=\"20\" style=\"clear:both;display:block;\"><\/div><\/div><\/div><div class=\"wpb_column vc_column_container\"><div class=\"vc_column-inner\"><\/div><\/div><\/div><\/div><\/div><\/div><\/div><\/section><section class=\"l-section wpb_row us_custom_f3255ffb height_auto with_shape\"><div class=\"l-section-shape type_wave pos_bottom\" style=\"height:8vh;color:#4c89b5\"><svg xmlns=\"http:\/\/www.w3.org\/2000\/svg\" viewBox=\"0 4 64 4\" preserveAspectRatio=\"none\" width=\"100%\" height=\"100%\">\r\n\t<path fill=\"currentColor\" d=\"M64 6 C32 0 32 12 0 6 L0 8 L64 8 Z\"\/>\r\n<\/svg><\/div><div class=\"l-section-h i-cf\"><div class=\"g-cols via_grid cols_1-4-1 laptops-cols_inherit tablets-cols_inherit mobiles-cols_1 valign_top type_default\"><div class=\"wpb_column vc_column_container\"><div class=\"vc_column-inner\"><\/div><\/div><div class=\"wpb_column vc_column_container\"><div class=\"vc_column-inner\"><div class=\"ult-spacer spacer-69d7c0489972f\" data-id=\"69d7c0489972f\" data-height=\"5\" data-height-mobile=\"5\" data-height-tab=\"5\" data-height-tab-portrait=\"\" data-height-mobile-landscape=\"\" style=\"clear:both;display:block;\"><\/div><\/div><\/div><div class=\"wpb_column vc_column_container\"><div class=\"vc_column-inner\"><\/div><\/div><\/div><\/div><\/section><section class=\"l-section wpb_row us_custom_b27c6e18 height_auto with_shape\"><div class=\"l-section-shape type_wave pos_bottom\" style=\"height:9vh;color:var(--color-header-middle-bg)\"><svg xmlns=\"http:\/\/www.w3.org\/2000\/svg\" viewBox=\"0 4 64 4\" preserveAspectRatio=\"none\" width=\"100%\" height=\"100%\">\r\n\t<path fill=\"currentColor\" d=\"M64 6 C32 0 32 12 0 6 L0 8 L64 8 Z\"\/>\r\n<\/svg><\/div><div class=\"l-section-h i-cf\"><div class=\"g-cols via_grid cols_1 laptops-cols_inherit tablets-cols_inherit mobiles-cols_1 valign_top type_default\"><div class=\"wpb_column vc_column_container\"><div class=\"vc_column-inner\"><div class=\"ult-spacer spacer-69d7c048999e8\" data-id=\"69d7c048999e8\" data-height=\"10\" data-height-mobile=\"10\" data-height-tab=\"10\" data-height-tab-portrait=\"\" data-height-mobile-landscape=\"\" style=\"clear:both;display:block;\"><\/div><\/div><\/div><\/div><\/div><\/section><section class=\"l-section wpb_row us_custom_057801f8 height_medium\"><div class=\"l-section-h i-cf\"><div class=\"g-cols via_grid cols_1 laptops-cols_inherit tablets-cols_inherit mobiles-cols_1 valign_top type_default\"><div class=\"wpb_column vc_column_container us_custom_6df4bc3a has_text_color\"><div class=\"vc_column-inner\"><div class=\"ult-spacer spacer-69d7c04899c9f\" data-id=\"69d7c04899c9f\" data-height=\"30\" data-height-mobile=\"30\" data-height-tab=\"30\" data-height-tab-portrait=\"\" data-height-mobile-landscape=\"\" style=\"clear:both;display:block;\"><\/div><div class=\"wpb_text_column us_custom_5b201339 has_text_color\"><div class=\"wpb_wrapper\"><h3 style=\"text-align: center;\"><strong>Notre h\u00e9bergement<\/strong><\/h3>\n<\/div><\/div><div class=\"ult-spacer spacer-69d7c04899dd7\" data-id=\"69d7c04899dd7\" data-height=\"10\" data-height-mobile=\"10\" data-height-tab=\"10\" data-height-tab-portrait=\"\" data-height-mobile-landscape=\"\" style=\"clear:both;display:block;\"><\/div><div class=\"g-cols wpb_row via_grid cols_3 laptops-cols_inherit tablets-cols_inherit mobiles-cols_1 valign_top type_default\"><div class=\"wpb_column vc_column_container\"><div class=\"vc_column-inner\"><div class=\"ult-new-ib ult-ib-effect-style13  ult-ib-resp  \" data-min-width=\"768\" data-max-width=\"900\" style=\"background:#366d95;\" data-opacity=\"0.9\" data-hover-opacity=\"0.3\" ><img class=\"ult-new-ib-img\" style=\"opacity:0.9;\" alt=\"null\" src=\"https:\/\/parcodellepiscine.it\/wp-content\/uploads\/2021\/11\/parco-delle-piscine-sarteano-siena-piscine-acqua-termale-casamobile-01.jpeg\"   \/><div id=\"interactive-banner-wrap-8645\" class=\"ult-new-ib-desc\" style=\"\"><h3 class=\"ult-new-ib-title ult-responsive\"  data-ultimate-target='#interactive-banner-wrap-8645 .ult-new-ib-title'  data-responsive-json-new='{\"font-size\":\"desktop:30px;\",\"line-height\":\"\"}'  style=\"font-weight:bold;color:#1d4059;\">MOBIL-HOMES<\/h3><div class=\"ult-new-ib-content ult-responsive\"  data-ultimate-target='#interactive-banner-wrap-8645 .ult-new-ib-content'  data-responsive-json-new='{\"font-size\":\"desktop:18px;\",\"line-height\":\"\"}'  style=\"font-weight:normal;color:#ffffff;\"><p>Les mobil-homes constituent un choix id\u00e9al pour ceux qui souhaitent passer des vacances confortables en contact avec la nature.<\/p><\/div><\/div><a class=\"ult-new-ib-link\" href=\"https:\/\/parcodellepiscine.it\/fr\/camping-village\/1\/village-parco-delle-piscine\/\"  ><\/a><\/div><\/div><\/div><div class=\"wpb_column vc_column_container\"><div class=\"vc_column-inner\"><div class=\"ult-new-ib ult-ib-effect-style13  ult-ib-resp  \" data-min-width=\"768\" data-max-width=\"900\" style=\"background:#98c74c;\" data-opacity=\"0.9\" data-hover-opacity=\"0.3\" ><img class=\"ult-new-ib-img\" style=\"opacity:0.9;\" alt=\"null\" src=\"https:\/\/parcodellepiscine.it\/wp-content\/uploads\/2021\/11\/parco-delle-piscine-sarteano-siena-piscine-acqua-termale-piazzola-01.jpeg\"   \/><div id=\"interactive-banner-wrap-7949\" class=\"ult-new-ib-desc\" style=\"\"><h3 class=\"ult-new-ib-title ult-responsive\"  data-ultimate-target='#interactive-banner-wrap-7949 .ult-new-ib-title'  data-responsive-json-new='{\"font-size\":\"desktop:30px;\",\"line-height\":\"\"}'  style=\"font-weight:bold;color:#1d4059;\">PITCHES<\/h3><div class=\"ult-new-ib-content ult-responsive\"  data-ultimate-target='#interactive-banner-wrap-7949 .ult-new-ib-content'  data-responsive-json-new='{\"font-size\":\"desktop:18px;\",\"line-height\":\"\"}'  style=\"font-weight:normal;color:#ffffff;\"><p>Les emplacements sont id\u00e9aux pour les tentes, les campeurs et les caravanes. Entour\u00e9es de verdure, ombrag\u00e9es ou ensoleill\u00e9es, elles sont id\u00e9ales pour les amoureux de la nature.<\/p><\/div><\/div><a class=\"ult-new-ib-link\" href=\"https:\/\/parcodellepiscine.it\/fr\/camping-village\/0\/camping-parco-delle-piscine\/\"  ><\/a><\/div><\/div><\/div><div class=\"wpb_column vc_column_container\"><div class=\"vc_column-inner\"><div class=\"ult-new-ib ult-ib-effect-style13  ult-ib-resp  \" data-min-width=\"768\" data-max-width=\"900\" style=\"background:#a17e62;\" data-opacity=\"0.9\" data-hover-opacity=\"0.3\" ><img class=\"ult-new-ib-img\" style=\"opacity:0.9;\" alt=\"null\" src=\"https:\/\/parcodellepiscine.it\/wp-content\/uploads\/2021\/11\/parco-delle-piscine-sarteano-siena-piscine-acqua-termale-tende-attrezzate-01.jpeg\"   \/><div id=\"interactive-banner-wrap-6624\" class=\"ult-new-ib-desc\" style=\"\"><h3 class=\"ult-new-ib-title ult-responsive\"  data-ultimate-target='#interactive-banner-wrap-6624 .ult-new-ib-title'  data-responsive-json-new='{\"font-size\":\"desktop:30px;\",\"line-height\":\"\"}'  style=\"font-weight:bold;color:#1d4059;\">GLAMPING<\/h3><div class=\"ult-new-ib-content ult-responsive\"  data-ultimate-target='#interactive-banner-wrap-6624 .ult-new-ib-content'  data-responsive-json-new='{\"font-size\":\"desktop:18px;\",\"line-height\":\"\"}'  style=\"font-weight:normal;color:#ffffff;\"><p>D'autres h\u00e9bergements pour des vacances inoubliables, par exemple dans nos tentes enti\u00e8rement \u00e9quip\u00e9es.<\/p><\/div><\/div><a class=\"ult-new-ib-link\" href=\"https:\/\/parcodellepiscine.it\/fr\/detail-hebergement\/8424\/tenda-attrezzata-coco-sweet\/\"  ><\/a><\/div><\/div><\/div><\/div><\/div><\/div><\/div><\/div><\/section>\n","protected":false},"excerpt":{"rendered":"Camping 4 \u00e9toiles en toscane Parfaits pour ceux qui aiment se d\u00e9tendre en plein c\u0153ur de la nature Notre camping 4 \u00e9toiles, situ\u00e9 \u00e0 Sarteano, dans la province de Sienne, met \u00e0 la disposition de ses h\u00f4tes des mobil-homes, des emplacements et d&rsquo;autres types d&rsquo;h\u00e9bergements pour que vos vacances en Toscane soient inoubliables. Nos mobil-homes,...","protected":false},"author":1,"featured_media":0,"parent":0,"menu_order":0,"comment_status":"closed","ping_status":"closed","template":"","meta":[],"acf":[],"yoast_head":"<!-- This site is optimized with the Yoast SEO plugin v17.5 - https:\/\/yoast.com\/wordpress\/plugins\/seo\/ -->\n<title>Camping 4 \u00e9toiles en toscane | Parco delle Piscine<\/title>\n<meta name=\"robots\" content=\"index, follow, max-snippet:-1, max-image-preview:large, max-video-preview:-1\" \/>\n<link rel=\"canonical\" href=\"https:\/\/parcodellepiscine.it\/fr\/camping-4-etoiles-en-toscane\/\" \/>\n<meta property=\"og:locale\" content=\"fr_FR\" \/>\n<meta property=\"og:type\" content=\"article\" \/>\n<meta property=\"og:title\" content=\"Camping 4 \u00e9toiles en toscane | Parco delle Piscine\" \/>\n<meta property=\"og:url\" content=\"https:\/\/parcodellepiscine.it\/fr\/camping-4-etoiles-en-toscane\/\" \/>\n<meta property=\"og:site_name\" content=\"Parco delle Piscine\" \/>\n<meta property=\"article:publisher\" content=\"https:\/\/www.facebook.com\/parcodellepiscine.sarteano\/\" \/>\n<meta property=\"article:modified_time\" content=\"2022-05-03T13:31:43+00:00\" \/>\n<meta name=\"twitter:card\" content=\"summary_large_image\" \/>\n<meta name=\"twitter:site\" content=\"@Parcopiscine\" \/>\n<meta name=\"twitter:label1\" content=\"Dur\u00e9e de lecture est.\" \/>\n\t<meta name=\"twitter:data1\" content=\"5 minutes\" \/>\n<script type=\"application\/ld+json\" class=\"yoast-schema-graph\">{\"@context\":\"https:\/\/schema.org\",\"@graph\":[{\"@type\":\"Organization\",\"@id\":\"https:\/\/parcodellepiscine.it\/#organization\",\"name\":\"Parco delle Piscine\",\"url\":\"https:\/\/parcodellepiscine.it\/\",\"sameAs\":[\"https:\/\/www.facebook.com\/parcodellepiscine.sarteano\/\",\"https:\/\/www.instagram.com\/parco_delle_piscine_sarteano\/\",\"https:\/\/www.youtube.com\/playlist?list=PLlmqBT-RHG23qLOF_DGv9w-_B3_uVa9Ur\",\"https:\/\/twitter.com\/Parcopiscine\"],\"logo\":{\"@type\":\"ImageObject\",\"@id\":\"https:\/\/parcodellepiscine.it\/#logo\",\"inLanguage\":\"fr-FR\",\"url\":\"https:\/\/parcodellepiscine.it\/wp-content\/uploads\/2021\/11\/parco-delle-piscine-sarteano-siena-piscine-02.jpeg\",\"contentUrl\":\"https:\/\/parcodellepiscine.it\/wp-content\/uploads\/2021\/11\/parco-delle-piscine-sarteano-siena-piscine-02.jpeg\",\"width\":1280,\"height\":720,\"caption\":\"Parco delle Piscine\"},\"image\":{\"@id\":\"https:\/\/parcodellepiscine.it\/#logo\"}},{\"@type\":\"WebSite\",\"@id\":\"https:\/\/parcodellepiscine.it\/#website\",\"url\":\"https:\/\/parcodellepiscine.it\/\",\"name\":\"Parco delle Piscine Sarteano\",\"description\":\"Camping Village a quattro stelle\",\"publisher\":{\"@id\":\"https:\/\/parcodellepiscine.it\/#organization\"},\"potentialAction\":[{\"@type\":\"SearchAction\",\"target\":{\"@type\":\"EntryPoint\",\"urlTemplate\":\"https:\/\/parcodellepiscine.it\/?s={search_term_string}\"},\"query-input\":\"required name=search_term_string\"}],\"inLanguage\":\"fr-FR\"},{\"@type\":\"WebPage\",\"@id\":\"https:\/\/parcodellepiscine.it\/fr\/camping-4-etoiles-en-toscane\/#webpage\",\"url\":\"https:\/\/parcodellepiscine.it\/fr\/camping-4-etoiles-en-toscane\/\",\"name\":\"Camping 4 \\u00e9toiles en toscane | Parco delle Piscine\",\"isPartOf\":{\"@id\":\"https:\/\/parcodellepiscine.it\/#website\"},\"datePublished\":\"2021-11-19T12:55:53+00:00\",\"dateModified\":\"2022-05-03T13:31:43+00:00\",\"breadcrumb\":{\"@id\":\"https:\/\/parcodellepiscine.it\/fr\/camping-4-etoiles-en-toscane\/#breadcrumb\"},\"inLanguage\":\"fr-FR\",\"potentialAction\":[{\"@type\":\"ReadAction\",\"target\":[\"https:\/\/parcodellepiscine.it\/fr\/camping-4-etoiles-en-toscane\/\"]}]},{\"@type\":\"BreadcrumbList\",\"@id\":\"https:\/\/parcodellepiscine.it\/fr\/camping-4-etoiles-en-toscane\/#breadcrumb\",\"itemListElement\":[{\"@type\":\"ListItem\",\"position\":1,\"name\":\"Home\",\"item\":\"https:\/\/parcodellepiscine.it\/fr\/\"},{\"@type\":\"ListItem\",\"position\":2,\"name\":\"Camping 4 \\u00e9toiles en toscane\"}]}]}<\/script>\n<!-- \/ Yoast SEO plugin. -->","yoast_head_json":{"title":"Camping 4 \u00e9toiles en toscane | Parco delle Piscine","robots":{"index":"index","follow":"follow","max-snippet":"max-snippet:-1","max-image-preview":"max-image-preview:large","max-video-preview":"max-video-preview:-1"},"canonical":"https:\/\/parcodellepiscine.it\/fr\/camping-4-etoiles-en-toscane\/","og_locale":"fr_FR","og_type":"article","og_title":"Camping 4 \u00e9toiles en toscane | Parco delle Piscine","og_url":"https:\/\/parcodellepiscine.it\/fr\/camping-4-etoiles-en-toscane\/","og_site_name":"Parco delle Piscine","article_publisher":"https:\/\/www.facebook.com\/parcodellepiscine.sarteano\/","article_modified_time":"2022-05-03T13:31:43+00:00","twitter_card":"summary_large_image","twitter_site":"@Parcopiscine","twitter_misc":{"Dur\u00e9e de lecture est.":"5 minutes"},"schema":{"@context":"https:\/\/schema.org","@graph":[{"@type":"Organization","@id":"https:\/\/parcodellepiscine.it\/#organization","name":"Parco delle Piscine","url":"https:\/\/parcodellepiscine.it\/","sameAs":["https:\/\/www.facebook.com\/parcodellepiscine.sarteano\/","https:\/\/www.instagram.com\/parco_delle_piscine_sarteano\/","https:\/\/www.youtube.com\/playlist?list=PLlmqBT-RHG23qLOF_DGv9w-_B3_uVa9Ur","https:\/\/twitter.com\/Parcopiscine"],"logo":{"@type":"ImageObject","@id":"https:\/\/parcodellepiscine.it\/#logo","inLanguage":"fr-FR","url":"https:\/\/parcodellepiscine.it\/wp-content\/uploads\/2021\/11\/parco-delle-piscine-sarteano-siena-piscine-02.jpeg","contentUrl":"https:\/\/parcodellepiscine.it\/wp-content\/uploads\/2021\/11\/parco-delle-piscine-sarteano-siena-piscine-02.jpeg","width":1280,"height":720,"caption":"Parco delle Piscine"},"image":{"@id":"https:\/\/parcodellepiscine.it\/#logo"}},{"@type":"WebSite","@id":"https:\/\/parcodellepiscine.it\/#website","url":"https:\/\/parcodellepiscine.it\/","name":"Parco delle Piscine Sarteano","description":"Camping Village a quattro stelle","publisher":{"@id":"https:\/\/parcodellepiscine.it\/#organization"},"potentialAction":[{"@type":"SearchAction","target":{"@type":"EntryPoint","urlTemplate":"https:\/\/parcodellepiscine.it\/?s={search_term_string}"},"query-input":"required name=search_term_string"}],"inLanguage":"fr-FR"},{"@type":"WebPage","@id":"https:\/\/parcodellepiscine.it\/fr\/camping-4-etoiles-en-toscane\/#webpage","url":"https:\/\/parcodellepiscine.it\/fr\/camping-4-etoiles-en-toscane\/","name":"Camping 4 \u00e9toiles en toscane | Parco delle Piscine","isPartOf":{"@id":"https:\/\/parcodellepiscine.it\/#website"},"datePublished":"2021-11-19T12:55:53+00:00","dateModified":"2022-05-03T13:31:43+00:00","breadcrumb":{"@id":"https:\/\/parcodellepiscine.it\/fr\/camping-4-etoiles-en-toscane\/#breadcrumb"},"inLanguage":"fr-FR","potentialAction":[{"@type":"ReadAction","target":["https:\/\/parcodellepiscine.it\/fr\/camping-4-etoiles-en-toscane\/"]}]},{"@type":"BreadcrumbList","@id":"https:\/\/parcodellepiscine.it\/fr\/camping-4-etoiles-en-toscane\/#breadcrumb","itemListElement":[{"@type":"ListItem","position":1,"name":"Home","item":"https:\/\/parcodellepiscine.it\/fr\/"},{"@type":"ListItem","position":2,"name":"Camping 4 \u00e9toiles en toscane"}]}]}},"_links":{"self":[{"href":"https:\/\/parcodellepiscine.it\/fr\/wp-json\/wp\/v2\/pages\/1517"}],"collection":[{"href":"https:\/\/parcodellepiscine.it\/fr\/wp-json\/wp\/v2\/pages"}],"about":[{"href":"https:\/\/parcodellepiscine.it\/fr\/wp-json\/wp\/v2\/types\/page"}],"author":[{"embeddable":true,"href":"https:\/\/parcodellepiscine.it\/fr\/wp-json\/wp\/v2\/users\/1"}],"replies":[{"embeddable":true,"href":"https:\/\/parcodellepiscine.it\/fr\/wp-json\/wp\/v2\/comments?post=1517"}],"version-history":[{"count":4,"href":"https:\/\/parcodellepiscine.it\/fr\/wp-json\/wp\/v2\/pages\/1517\/revisions"}],"predecessor-version":[{"id":2473,"href":"https:\/\/parcodellepiscine.it\/fr\/wp-json\/wp\/v2\/pages\/1517\/revisions\/2473"}],"wp:attachment":[{"href":"https:\/\/parcodellepiscine.it\/fr\/wp-json\/wp\/v2\/media?parent=1517"}],"curies":[{"name":"wp","href":"https:\/\/api.w.org\/{rel}","templated":true}]}}