{"id":1502,"date":"2021-11-11T10:29:58","date_gmt":"2021-11-11T10:29:58","guid":{"rendered":"https:\/\/parcodellepiscine.it\/informations-utiles\/"},"modified":"2022-06-14T12:26:09","modified_gmt":"2022-06-14T12:26:09","slug":"informations-utiles","status":"publish","type":"page","link":"https:\/\/parcodellepiscine.it\/fr\/informations-utiles\/","title":{"rendered":"Informations utiles"},"content":{"rendered":"<section class=\"l-section wpb_row height_small width_full with_img\"><div class=\"l-section-img\" style=\"background-image: url(https:\/\/parcodellepiscine.it\/wp-content\/uploads\/2021\/11\/parco-delle-piscine-sarteano-informazioni-utili-01.jpeg);background-repeat: no-repeat;\" data-img-width=\"1920\" data-img-height=\"1080\"><\/div><div class=\"l-section-h i-cf\"><div class=\"g-cols via_grid cols_1 laptops-cols_inherit tablets-cols_inherit mobiles-cols_1 valign_top type_default\"><div class=\"wpb_column vc_column_container\"><div class=\"vc_column-inner\"><div class=\"ult-spacer spacer-69e47be510995\" data-id=\"69e47be510995\" data-height=\"400\" data-height-mobile=\"400\" data-height-tab=\"400\" data-height-tab-portrait=\"\" data-height-mobile-landscape=\"\" style=\"clear:both;display:block;\"><\/div><\/div><\/div><\/div><\/div><\/section><section class=\"l-section wpb_row height_medium\"><div class=\"l-section-h i-cf\"><div class=\"g-cols via_grid cols_1 laptops-cols_inherit tablets-cols_inherit mobiles-cols_1 valign_top type_default\"><div class=\"wpb_column vc_column_container\"><div class=\"vc_column-inner\"><div class=\"wpb_text_column us_custom_98ad5d8d has_text_color\"><div class=\"wpb_wrapper\"><h1 style=\"text-align: center;\">Informations utiles<\/h1>\n<\/div><\/div><div class=\"w-separator us_custom_c772279b size_small has_font_size with_line width_50 thick_1 style_solid color_primary align_center with_content\"><div class=\"w-separator-h\"><i class=\"far fa-envira\"><\/i><\/div><\/div><div class=\"wpb_text_column us_custom_926b8073 has_text_color\"><div class=\"wpb_wrapper\"><h3 style=\"text-align: center;\">Pour organiser au mieux vos vacances<\/h3>\n<\/div><\/div><\/div><\/div><\/div><\/div><\/section><section class=\"l-section wpb_row height_medium\"><div class=\"l-section-h i-cf\"><div class=\"g-cols via_grid cols_2 laptops-cols_inherit tablets-cols_inherit mobiles-cols_1 valign_top type_default\"><div class=\"wpb_column vc_column_container us_custom_d5f4e5a3 has_bg_color\"><div class=\"vc_column-inner\"><div class=\"ult-spacer spacer-69e47be5115b4\" data-id=\"69e47be5115b4\" data-height=\"0\" data-height-mobile=\"200\" data-height-tab=\"\" data-height-tab-portrait=\"200\" data-height-mobile-landscape=\"200\" style=\"clear:both;display:block;\"><\/div><\/div><\/div><div class=\"wpb_column vc_column_container\"><div class=\"vc_column-inner\"><div class=\"g-cols wpb_row us_custom_6317e611 via_grid cols_1 laptops-cols_inherit tablets-cols_inherit mobiles-cols_1 valign_middle type_default\"><div class=\"wpb_column vc_column_container\"><div class=\"vc_column-inner\"><div class=\"ult-spacer spacer-69e47be511926\" data-id=\"69e47be511926\" data-height=\"20\" data-height-mobile=\"20\" data-height-tab=\"20\" data-height-tab-portrait=\"\" data-height-mobile-landscape=\"\" style=\"clear:both;display:block;\"><\/div><div class=\"wpb_text_column us_custom_e4542a44 has_text_color\"><div class=\"wpb_wrapper\"><h4 style=\"text-align: left;\">Direction\/Bureau d&rsquo;informations<\/h4>\n<\/div><\/div><div class=\"ult-spacer spacer-69e47be511a56\" data-id=\"69e47be511a56\" data-height=\"20\" data-height-mobile=\"20\" data-height-tab=\"20\" data-height-tab-portrait=\"\" data-height-mobile-landscape=\"\" style=\"clear:both;display:block;\"><\/div><div class=\"w-iconbox iconpos_left style_default color_primary align_left no_title\"><div class=\"w-iconbox-icon\" style=\"font-size:17px;\"><i class=\"fas fa-phone\"><\/i><\/div><div class=\"w-iconbox-meta\"><div class=\"w-iconbox-text\"><p><a href=\"tel:+39057826971\">+39 0578 26971<\/a><\/p>\n<\/div><\/div><\/div><div class=\"w-iconbox iconpos_left style_default color_primary align_left no_title\"><div class=\"w-iconbox-icon\" style=\"font-size:17px;\"><i class=\"fas fa-envelope\"><\/i><\/div><div class=\"w-iconbox-meta\"><div class=\"w-iconbox-text\"><p><a href=\"mailto:info@parcodellepiscine.it\">info@parcodellepiscine.it<\/a><\/p>\n<\/div><\/div><\/div><div class=\"ult-spacer spacer-69e47be511c91\" data-id=\"69e47be511c91\" data-height=\"20\" data-height-mobile=\"20\" data-height-tab=\"20\" data-height-tab-portrait=\"\" data-height-mobile-landscape=\"\" style=\"clear:both;display:block;\"><\/div><div class=\"wpb_text_column us_custom_345c8b9d has_text_color\"><div class=\"wpb_wrapper\"><p><strong>D&rsquo;octobre \u00e0 mars, du lundi au vendredi<\/strong><br \/>\nde 08h00 \u00e0 13h00 et de 15h00 \u00e0 18h00<\/p>\n<p><strong>Avril, mai, juin et septembre tous les jours<\/strong><br \/>\nde 09h00 \u00e0 13h00 et de 16h00 \u00e0 19h00<\/p>\n<p><strong>Juillet et ao\u00fbt tous les jours<\/strong><br \/>\nde 08h00 \u00e0 23h00<\/p>\n<\/div><\/div><div class=\"ult-spacer spacer-69e47be511db3\" data-id=\"69e47be511db3\" data-height=\"20\" data-height-mobile=\"20\" data-height-tab=\"20\" data-height-tab-portrait=\"\" data-height-mobile-landscape=\"\" style=\"clear:both;display:block;\"><\/div><\/div><\/div><\/div><\/div><\/div><\/div><\/div><\/section><section class=\"l-section wpb_row height_medium with_img parallax_fixed\"><div class=\"l-section-img\" style=\"background-image: url(https:\/\/parcodellepiscine.it\/wp-content\/uploads\/2021\/11\/parco-delle-piscine-sarteano-siena-piscine-acqua-termale-01.jpeg);background-repeat: no-repeat;\" data-img-width=\"1920\" data-img-height=\"1080\"><\/div><div class=\"l-section-h i-cf\"><div class=\"g-cols via_grid cols_1-2-1 laptops-cols_inherit tablets-cols_inherit mobiles-cols_1 valign_middle type_default\"><div class=\"wpb_column vc_column_container\"><div class=\"vc_column-inner\"><div class=\"ult-spacer spacer-69e47be5121b7\" data-id=\"69e47be5121b7\" data-height=\"150\" data-height-mobile=\"150\" data-height-tab=\"150\" data-height-tab-portrait=\"\" data-height-mobile-landscape=\"\" style=\"clear:both;display:block;\"><\/div><\/div><\/div><div class=\"wpb_column vc_column_container\"><div class=\"vc_column-inner\"><\/div><\/div><div class=\"wpb_column vc_column_container\"><div class=\"vc_column-inner\"><\/div><\/div><\/div><\/div><\/section><section class=\"l-section wpb_row us_custom_f3255ffb height_auto with_shape\"><div class=\"l-section-shape type_wave pos_bottom\" style=\"height:8vh;color:#4c89b5\"><svg xmlns=\"http:\/\/www.w3.org\/2000\/svg\" viewBox=\"0 4 64 4\" preserveAspectRatio=\"none\" width=\"100%\" height=\"100%\">\r\n\t<path fill=\"currentColor\" d=\"M64 6 C32 0 32 12 0 6 L0 8 L64 8 Z\"\/>\r\n<\/svg><\/div><div class=\"l-section-h i-cf\"><div class=\"g-cols via_grid cols_1-4-1 laptops-cols_inherit tablets-cols_inherit mobiles-cols_1 valign_top type_default\"><div class=\"wpb_column vc_column_container\"><div class=\"vc_column-inner\"><\/div><\/div><div class=\"wpb_column vc_column_container\"><div class=\"vc_column-inner\"><div class=\"ult-spacer spacer-69e47be5125f9\" data-id=\"69e47be5125f9\" data-height=\"5\" data-height-mobile=\"5\" data-height-tab=\"5\" data-height-tab-portrait=\"\" data-height-mobile-landscape=\"\" style=\"clear:both;display:block;\"><\/div><\/div><\/div><div class=\"wpb_column vc_column_container\"><div class=\"vc_column-inner\"><\/div><\/div><\/div><\/div><\/section><section class=\"l-section wpb_row us_custom_b27c6e18 height_auto with_shape\"><div class=\"l-section-shape type_wave pos_bottom\" style=\"height:9vh;color:var(--color-header-middle-bg)\"><svg xmlns=\"http:\/\/www.w3.org\/2000\/svg\" viewBox=\"0 4 64 4\" preserveAspectRatio=\"none\" width=\"100%\" height=\"100%\">\r\n\t<path fill=\"currentColor\" d=\"M64 6 C32 0 32 12 0 6 L0 8 L64 8 Z\"\/>\r\n<\/svg><\/div><div class=\"l-section-h i-cf\"><div class=\"g-cols via_grid cols_1 laptops-cols_inherit tablets-cols_inherit mobiles-cols_1 valign_top type_default\"><div class=\"wpb_column vc_column_container\"><div class=\"vc_column-inner\"><div class=\"ult-spacer spacer-69e47be512901\" data-id=\"69e47be512901\" data-height=\"10\" data-height-mobile=\"10\" data-height-tab=\"10\" data-height-tab-portrait=\"\" data-height-mobile-landscape=\"\" style=\"clear:both;display:block;\"><\/div><\/div><\/div><\/div><\/div><\/section><section class=\"l-section wpb_row us_custom_057801f8 height_medium\"><div class=\"l-section-h i-cf\"><div class=\"g-cols via_grid cols_1 laptops-cols_inherit tablets-cols_inherit mobiles-cols_1 valign_top type_default\"><div class=\"wpb_column vc_column_container us_custom_345c8b9d has_text_color\"><div class=\"vc_column-inner\"><div class=\"ult-spacer spacer-69e47be512be2\" data-id=\"69e47be512be2\" data-height=\"30\" data-height-mobile=\"30\" data-height-tab=\"30\" data-height-tab-portrait=\"\" data-height-mobile-landscape=\"\" style=\"clear:both;display:block;\"><\/div><div class=\"wpb_text_column us_custom_34f82d37 has_text_color\"><div class=\"wpb_wrapper\"><h2 style=\"text-align: left;\"><strong>Num\u00e9ros utiles<\/strong><\/h2>\n<\/div><\/div><div class=\"ult-spacer spacer-69e47be512d1f\" data-id=\"69e47be512d1f\" data-height=\"10\" data-height-mobile=\"10\" data-height-tab=\"10\" data-height-tab-portrait=\"\" data-height-mobile-landscape=\"\" style=\"clear:both;display:block;\"><\/div><div class=\"g-cols wpb_row via_grid cols_custom laptops-cols_inherit tablets-cols_inherit mobiles-cols_1 valign_top type_default\" style=\"--custom-columns:3fr 1.5fr 1.5fr \"><div class=\"wpb_column vc_column_container\"><div class=\"vc_column-inner\"><div class=\"w-iconbox iconpos_left style_default color_primary align_left\"><div class=\"w-iconbox-icon\" style=\"font-size:28px;\"><i class=\"fas fa-briefcase-medical\"><\/i><\/div><div class=\"w-iconbox-meta\"><h6 class=\"w-iconbox-title\">Centre M\u00e9dical <\/h6><div class=\"w-iconbox-text\"><p><a href=\"tel:+390578266622\">0578266622<\/a> &#8211; <a href=\"tel:+390578266740\">0578266740<\/a> &#8211; <a href=\"tel:+390578265856\">0578265856<\/a><\/p>\n<\/div><\/div><\/div><div class=\"ult-spacer spacer-69e47be512fc9\" data-id=\"69e47be512fc9\" data-height=\"30\" data-height-mobile=\"30\" data-height-tab=\"30\" data-height-tab-portrait=\"\" data-height-mobile-landscape=\"\" style=\"clear:both;display:block;\"><\/div><div class=\"w-iconbox iconpos_left style_default color_primary align_left\"><div class=\"w-iconbox-icon\" style=\"font-size:28px;\"><i class=\"fas fa-siren-on\"><\/i><\/div><div class=\"w-iconbox-meta\"><h6 class=\"w-iconbox-title\">Gendarmes <\/h6><div class=\"w-iconbox-text\"><p><a href=\"tel:+390578265509\">0578265509<\/a><\/p>\n<\/div><\/div><\/div><div class=\"ult-spacer spacer-69e47be51307a\" data-id=\"69e47be51307a\" data-height=\"30\" data-height-mobile=\"30\" data-height-tab=\"30\" data-height-tab-portrait=\"\" data-height-mobile-landscape=\"\" style=\"clear:both;display:block;\"><\/div><div class=\"w-iconbox iconpos_left style_default color_primary align_left\"><div class=\"w-iconbox-icon\" style=\"font-size:28px;\"><i class=\"fas fa-bus\"><\/i><\/div><div class=\"w-iconbox-meta\"><h6 class=\"w-iconbox-title\">Sienne mobilit\u00e9 (transport en autobus) <\/h6><div class=\"w-iconbox-text\"><p><a href=\"tel:+390577204111\">0577204111<\/a><\/p>\n<\/div><\/div><\/div><div class=\"ult-spacer spacer-69e47be513107\" data-id=\"69e47be513107\" data-height=\"30\" data-height-mobile=\"30\" data-height-tab=\"30\" data-height-tab-portrait=\"\" data-height-mobile-landscape=\"\" style=\"clear:both;display:block;\"><\/div><div class=\"w-iconbox iconpos_left style_default color_primary align_left\"><div class=\"w-iconbox-icon\" style=\"font-size:28px;\"><i class=\"fas fa-train\"><\/i><\/div><div class=\"w-iconbox-meta\"><h6 class=\"w-iconbox-title\">Trenitalia<\/h6><div class=\"w-iconbox-text\"><p><a href=\"tel:892021\">892021<\/a>, <a href=\"tel:199892021\">199892021<\/a>, <a href=\"tel:+39199303060\">199303060<\/a><\/p>\n<\/div><\/div><\/div><\/div><\/div><div class=\"wpb_column vc_column_container\"><div class=\"vc_column-inner\"><div class=\"w-iconbox iconpos_left style_default color_primary align_left\"><div class=\"w-iconbox-icon\" style=\"font-size:28px;\"><i class=\"fas fa-clinic-medical\"><\/i><\/div><div class=\"w-iconbox-meta\"><h6 class=\"w-iconbox-title\">Pharmacie<\/h6><div class=\"w-iconbox-text\"><p><a href=\"tel:+390578267092\">0578267092<\/a><\/p>\n<\/div><\/div><\/div><div class=\"ult-spacer spacer-69e47be5132d2\" data-id=\"69e47be5132d2\" data-height=\"30\" data-height-mobile=\"30\" data-height-tab=\"30\" data-height-tab-portrait=\"\" data-height-mobile-landscape=\"\" style=\"clear:both;display:block;\"><\/div><div class=\"w-iconbox iconpos_left style_default color_primary align_left\"><div class=\"w-iconbox-icon\" style=\"font-size:28px;\"><i class=\"fas fa-envelope\"><\/i><\/div><div class=\"w-iconbox-meta\"><h6 class=\"w-iconbox-title\">Bureau de Poste <\/h6><div class=\"w-iconbox-text\"><p><a href=\"tel:+390578268531\">\u00a00578268531<\/a><\/p>\n<\/div><\/div><\/div><div class=\"ult-spacer spacer-69e47be513358\" data-id=\"69e47be513358\" data-height=\"30\" data-height-mobile=\"30\" data-height-tab=\"30\" data-height-tab-portrait=\"\" data-height-mobile-landscape=\"\" style=\"clear:both;display:block;\"><\/div><div class=\"w-iconbox iconpos_left style_default color_primary align_left\"><div class=\"w-iconbox-icon\" style=\"font-size:28px;\"><i class=\"fas fa-taxi\"><\/i><\/div><div class=\"w-iconbox-meta\"><h6 class=\"w-iconbox-title\">Taxi<\/h6><div class=\"w-iconbox-text\"><p><a href=\"tel:+39057820178\">057820178<\/a> &#8211; <a href=\"tel:+39057821929\">057821929<\/a><\/p>\n<\/div><\/div><\/div><\/div><\/div><div class=\"wpb_column vc_column_container us_custom_cc181b1f has_bg_color\"><div class=\"vc_column-inner\"><div class=\"wpb_text_column us_custom_08340f5a has_text_color\"><div class=\"wpb_wrapper\"><h2 style=\"text-align: center;\"><strong>M\u00e9t\u00e9o<\/strong><\/h2>\n<\/div><\/div><div class=\"w-hwrapper us_custom_c530134a align_center valign_middle\">[vc_raw_html]PGRpdiBpZD0iY29udF9mNWVjYzg1NzQ3ZGVmY2UxOTA3YWFkYmJhYTMzN2JlMiI+PHNjcmlwdCB0eXBlPSJ0ZXh0L2phdmFzY3JpcHQiIGFzeW5jIHNyYz0iaHR0cHM6Ly93d3cuaWxtZXRlby5uZXQvd2lkX2xvYWRlci9mNWVjYzg1NzQ3ZGVmY2UxOTA3YWFkYmJhYTMzN2JlMiI+PC9zY3JpcHQ+PC9kaXY+[\/vc_raw_html]<\/div><\/div><\/div><\/div><\/div><\/div><\/div><\/div><\/section>\n","protected":false},"excerpt":{"rendered":"Informations utiles Pour organiser au mieux vos vacances Direction\/Bureau d&rsquo;informations +39 0578 26971 info@parcodellepiscine.it D&rsquo;octobre \u00e0 mars, du lundi au vendredi de 08h00 \u00e0 13h00 et de 15h00 \u00e0 18h00 Avril, mai, juin et septembre tous les jours de 09h00 \u00e0 13h00 et de 16h00 \u00e0 19h00 Juillet et ao\u00fbt tous les jours de 08h00...","protected":false},"author":1,"featured_media":1503,"parent":0,"menu_order":0,"comment_status":"closed","ping_status":"closed","template":"","meta":[],"acf":[],"yoast_head":"<!-- This site is optimized with the Yoast SEO plugin v17.5 - https:\/\/yoast.com\/wordpress\/plugins\/seo\/ -->\n<title>Parco delle Piscine, Toscane, Informations utiles, FAQ<\/title>\n<meta name=\"description\" content=\"Toutes les informations utiles et les FAQ pour contacter le Camping Parco delle Piscine et organiser au mieux vos vacances \u00e0 Sarteano en Toscane.\" \/>\n<meta name=\"robots\" content=\"index, follow, max-snippet:-1, max-image-preview:large, max-video-preview:-1\" \/>\n<link rel=\"canonical\" href=\"https:\/\/parcodellepiscine.it\/fr\/informations-utiles\/\" \/>\n<meta property=\"og:locale\" content=\"fr_FR\" \/>\n<meta property=\"og:type\" content=\"article\" \/>\n<meta property=\"og:title\" content=\"Parco delle Piscine, Toscane, Informations utiles, FAQ\" \/>\n<meta property=\"og:description\" content=\"Toutes les informations utiles et les FAQ pour contacter le Camping Parco delle Piscine et organiser au mieux vos vacances \u00e0 Sarteano en Toscane.\" \/>\n<meta property=\"og:url\" content=\"https:\/\/parcodellepiscine.it\/fr\/informations-utiles\/\" \/>\n<meta property=\"og:site_name\" content=\"Parco delle Piscine\" \/>\n<meta property=\"article:publisher\" content=\"https:\/\/www.facebook.com\/parcodellepiscine.sarteano\/\" \/>\n<meta property=\"article:modified_time\" content=\"2022-06-14T12:26:09+00:00\" \/>\n<meta property=\"og:image\" content=\"https:\/\/parcodellepiscine.it\/wp-content\/uploads\/2021\/11\/parco-delle-piscine-campeggio-villaggio-quattro-stelle-siena-04.jpeg\" \/>\n\t<meta property=\"og:image:width\" content=\"1920\" \/>\n\t<meta property=\"og:image:height\" content=\"1080\" \/>\n<meta name=\"twitter:card\" content=\"summary_large_image\" \/>\n<meta name=\"twitter:site\" content=\"@Parcopiscine\" \/>\n<meta name=\"twitter:label1\" content=\"Dur\u00e9e de lecture est.\" \/>\n\t<meta name=\"twitter:data1\" content=\"5 minutes\" \/>\n<script type=\"application\/ld+json\" class=\"yoast-schema-graph\">{\"@context\":\"https:\/\/schema.org\",\"@graph\":[{\"@type\":\"Organization\",\"@id\":\"https:\/\/parcodellepiscine.it\/#organization\",\"name\":\"Parco delle Piscine\",\"url\":\"https:\/\/parcodellepiscine.it\/\",\"sameAs\":[\"https:\/\/www.facebook.com\/parcodellepiscine.sarteano\/\",\"https:\/\/www.instagram.com\/parco_delle_piscine_sarteano\/\",\"https:\/\/www.youtube.com\/playlist?list=PLlmqBT-RHG23qLOF_DGv9w-_B3_uVa9Ur\",\"https:\/\/twitter.com\/Parcopiscine\"],\"logo\":{\"@type\":\"ImageObject\",\"@id\":\"https:\/\/parcodellepiscine.it\/#logo\",\"inLanguage\":\"fr-FR\",\"url\":\"https:\/\/parcodellepiscine.it\/wp-content\/uploads\/2021\/11\/parco-delle-piscine-sarteano-siena-piscine-02.jpeg\",\"contentUrl\":\"https:\/\/parcodellepiscine.it\/wp-content\/uploads\/2021\/11\/parco-delle-piscine-sarteano-siena-piscine-02.jpeg\",\"width\":1280,\"height\":720,\"caption\":\"Parco delle Piscine\"},\"image\":{\"@id\":\"https:\/\/parcodellepiscine.it\/#logo\"}},{\"@type\":\"WebSite\",\"@id\":\"https:\/\/parcodellepiscine.it\/#website\",\"url\":\"https:\/\/parcodellepiscine.it\/\",\"name\":\"Parco delle Piscine Sarteano\",\"description\":\"Camping Village a quattro stelle\",\"publisher\":{\"@id\":\"https:\/\/parcodellepiscine.it\/#organization\"},\"potentialAction\":[{\"@type\":\"SearchAction\",\"target\":{\"@type\":\"EntryPoint\",\"urlTemplate\":\"https:\/\/parcodellepiscine.it\/?s={search_term_string}\"},\"query-input\":\"required name=search_term_string\"}],\"inLanguage\":\"fr-FR\"},{\"@type\":\"ImageObject\",\"@id\":\"https:\/\/parcodellepiscine.it\/fr\/informations-utiles\/#primaryimage\",\"inLanguage\":\"fr-FR\",\"url\":\"https:\/\/parcodellepiscine.it\/wp-content\/uploads\/2021\/11\/parco-delle-piscine-campeggio-villaggio-quattro-stelle-siena-04.jpeg\",\"contentUrl\":\"https:\/\/parcodellepiscine.it\/wp-content\/uploads\/2021\/11\/parco-delle-piscine-campeggio-villaggio-quattro-stelle-siena-04.jpeg\",\"width\":1920,\"height\":1080},{\"@type\":\"WebPage\",\"@id\":\"https:\/\/parcodellepiscine.it\/fr\/informations-utiles\/#webpage\",\"url\":\"https:\/\/parcodellepiscine.it\/fr\/informations-utiles\/\",\"name\":\"Parco delle Piscine, Toscane, Informations utiles, FAQ\",\"isPartOf\":{\"@id\":\"https:\/\/parcodellepiscine.it\/#website\"},\"primaryImageOfPage\":{\"@id\":\"https:\/\/parcodellepiscine.it\/fr\/informations-utiles\/#primaryimage\"},\"datePublished\":\"2021-11-11T10:29:58+00:00\",\"dateModified\":\"2022-06-14T12:26:09+00:00\",\"description\":\"Toutes les informations utiles et les FAQ pour contacter le Camping Parco delle Piscine et organiser au mieux vos vacances \\u00e0 Sarteano en Toscane.\",\"breadcrumb\":{\"@id\":\"https:\/\/parcodellepiscine.it\/fr\/informations-utiles\/#breadcrumb\"},\"inLanguage\":\"fr-FR\",\"potentialAction\":[{\"@type\":\"ReadAction\",\"target\":[\"https:\/\/parcodellepiscine.it\/fr\/informations-utiles\/\"]}]},{\"@type\":\"BreadcrumbList\",\"@id\":\"https:\/\/parcodellepiscine.it\/fr\/informations-utiles\/#breadcrumb\",\"itemListElement\":[{\"@type\":\"ListItem\",\"position\":1,\"name\":\"Home\",\"item\":\"https:\/\/parcodellepiscine.it\/fr\/\"},{\"@type\":\"ListItem\",\"position\":2,\"name\":\"Informations utiles\"}]}]}<\/script>\n<!-- \/ Yoast SEO plugin. -->","yoast_head_json":{"title":"Parco delle Piscine, Toscane, Informations utiles, FAQ","description":"Toutes les informations utiles et les FAQ pour contacter le Camping Parco delle Piscine et organiser au mieux vos vacances \u00e0 Sarteano en Toscane.","robots":{"index":"index","follow":"follow","max-snippet":"max-snippet:-1","max-image-preview":"max-image-preview:large","max-video-preview":"max-video-preview:-1"},"canonical":"https:\/\/parcodellepiscine.it\/fr\/informations-utiles\/","og_locale":"fr_FR","og_type":"article","og_title":"Parco delle Piscine, Toscane, Informations utiles, FAQ","og_description":"Toutes les informations utiles et les FAQ pour contacter le Camping Parco delle Piscine et organiser au mieux vos vacances \u00e0 Sarteano en Toscane.","og_url":"https:\/\/parcodellepiscine.it\/fr\/informations-utiles\/","og_site_name":"Parco delle Piscine","article_publisher":"https:\/\/www.facebook.com\/parcodellepiscine.sarteano\/","article_modified_time":"2022-06-14T12:26:09+00:00","og_image":[{"width":1920,"height":1080,"url":"https:\/\/parcodellepiscine.it\/wp-content\/uploads\/2021\/11\/parco-delle-piscine-campeggio-villaggio-quattro-stelle-siena-04.jpeg","type":"image\/jpeg"}],"twitter_card":"summary_large_image","twitter_site":"@Parcopiscine","twitter_misc":{"Dur\u00e9e de lecture est.":"5 minutes"},"schema":{"@context":"https:\/\/schema.org","@graph":[{"@type":"Organization","@id":"https:\/\/parcodellepiscine.it\/#organization","name":"Parco delle Piscine","url":"https:\/\/parcodellepiscine.it\/","sameAs":["https:\/\/www.facebook.com\/parcodellepiscine.sarteano\/","https:\/\/www.instagram.com\/parco_delle_piscine_sarteano\/","https:\/\/www.youtube.com\/playlist?list=PLlmqBT-RHG23qLOF_DGv9w-_B3_uVa9Ur","https:\/\/twitter.com\/Parcopiscine"],"logo":{"@type":"ImageObject","@id":"https:\/\/parcodellepiscine.it\/#logo","inLanguage":"fr-FR","url":"https:\/\/parcodellepiscine.it\/wp-content\/uploads\/2021\/11\/parco-delle-piscine-sarteano-siena-piscine-02.jpeg","contentUrl":"https:\/\/parcodellepiscine.it\/wp-content\/uploads\/2021\/11\/parco-delle-piscine-sarteano-siena-piscine-02.jpeg","width":1280,"height":720,"caption":"Parco delle Piscine"},"image":{"@id":"https:\/\/parcodellepiscine.it\/#logo"}},{"@type":"WebSite","@id":"https:\/\/parcodellepiscine.it\/#website","url":"https:\/\/parcodellepiscine.it\/","name":"Parco delle Piscine Sarteano","description":"Camping Village a quattro stelle","publisher":{"@id":"https:\/\/parcodellepiscine.it\/#organization"},"potentialAction":[{"@type":"SearchAction","target":{"@type":"EntryPoint","urlTemplate":"https:\/\/parcodellepiscine.it\/?s={search_term_string}"},"query-input":"required name=search_term_string"}],"inLanguage":"fr-FR"},{"@type":"ImageObject","@id":"https:\/\/parcodellepiscine.it\/fr\/informations-utiles\/#primaryimage","inLanguage":"fr-FR","url":"https:\/\/parcodellepiscine.it\/wp-content\/uploads\/2021\/11\/parco-delle-piscine-campeggio-villaggio-quattro-stelle-siena-04.jpeg","contentUrl":"https:\/\/parcodellepiscine.it\/wp-content\/uploads\/2021\/11\/parco-delle-piscine-campeggio-villaggio-quattro-stelle-siena-04.jpeg","width":1920,"height":1080},{"@type":"WebPage","@id":"https:\/\/parcodellepiscine.it\/fr\/informations-utiles\/#webpage","url":"https:\/\/parcodellepiscine.it\/fr\/informations-utiles\/","name":"Parco delle Piscine, Toscane, Informations utiles, FAQ","isPartOf":{"@id":"https:\/\/parcodellepiscine.it\/#website"},"primaryImageOfPage":{"@id":"https:\/\/parcodellepiscine.it\/fr\/informations-utiles\/#primaryimage"},"datePublished":"2021-11-11T10:29:58+00:00","dateModified":"2022-06-14T12:26:09+00:00","description":"Toutes les informations utiles et les FAQ pour contacter le Camping Parco delle Piscine et organiser au mieux vos vacances \u00e0 Sarteano en Toscane.","breadcrumb":{"@id":"https:\/\/parcodellepiscine.it\/fr\/informations-utiles\/#breadcrumb"},"inLanguage":"fr-FR","potentialAction":[{"@type":"ReadAction","target":["https:\/\/parcodellepiscine.it\/fr\/informations-utiles\/"]}]},{"@type":"BreadcrumbList","@id":"https:\/\/parcodellepiscine.it\/fr\/informations-utiles\/#breadcrumb","itemListElement":[{"@type":"ListItem","position":1,"name":"Home","item":"https:\/\/parcodellepiscine.it\/fr\/"},{"@type":"ListItem","position":2,"name":"Informations utiles"}]}]}},"_links":{"self":[{"href":"https:\/\/parcodellepiscine.it\/fr\/wp-json\/wp\/v2\/pages\/1502"}],"collection":[{"href":"https:\/\/parcodellepiscine.it\/fr\/wp-json\/wp\/v2\/pages"}],"about":[{"href":"https:\/\/parcodellepiscine.it\/fr\/wp-json\/wp\/v2\/types\/page"}],"author":[{"embeddable":true,"href":"https:\/\/parcodellepiscine.it\/fr\/wp-json\/wp\/v2\/users\/1"}],"replies":[{"embeddable":true,"href":"https:\/\/parcodellepiscine.it\/fr\/wp-json\/wp\/v2\/comments?post=1502"}],"version-history":[{"count":5,"href":"https:\/\/parcodellepiscine.it\/fr\/wp-json\/wp\/v2\/pages\/1502\/revisions"}],"predecessor-version":[{"id":2647,"href":"https:\/\/parcodellepiscine.it\/fr\/wp-json\/wp\/v2\/pages\/1502\/revisions\/2647"}],"wp:featuredmedia":[{"embeddable":true,"href":"https:\/\/parcodellepiscine.it\/fr\/wp-json\/wp\/v2\/media\/1503"}],"wp:attachment":[{"href":"https:\/\/parcodellepiscine.it\/fr\/wp-json\/wp\/v2\/media?parent=1502"}],"curies":[{"name":"wp","href":"https:\/\/api.w.org\/{rel}","templated":true}]}}