{"id":1661,"date":"2021-11-11T10:29:58","date_gmt":"2021-11-11T10:29:58","guid":{"rendered":"https:\/\/parcodellepiscine.it\/nuetzlichen-info\/"},"modified":"2022-06-14T09:11:51","modified_gmt":"2022-06-14T09:11:51","slug":"nutzliche-informationen","status":"publish","type":"page","link":"https:\/\/parcodellepiscine.it\/de\/nutzliche-informationen\/","title":{"rendered":"N\u00fctzlichen info"},"content":{"rendered":"<section class=\"l-section wpb_row height_small width_full with_img\"><div class=\"l-section-img\" style=\"background-image: url(https:\/\/parcodellepiscine.it\/wp-content\/uploads\/2021\/11\/parco-delle-piscine-sarteano-informazioni-utili-01.jpeg);background-repeat: no-repeat;\" data-img-width=\"1920\" data-img-height=\"1080\"><\/div><div class=\"l-section-h i-cf\"><div class=\"g-cols via_grid cols_1 laptops-cols_inherit tablets-cols_inherit mobiles-cols_1 valign_top type_default\"><div class=\"wpb_column vc_column_container\"><div class=\"vc_column-inner\"><div class=\"ult-spacer spacer-69d7bed58e64c\" data-id=\"69d7bed58e64c\" data-height=\"400\" data-height-mobile=\"400\" data-height-tab=\"400\" data-height-tab-portrait=\"\" data-height-mobile-landscape=\"\" style=\"clear:both;display:block;\"><\/div><\/div><\/div><\/div><\/div><\/section><section class=\"l-section wpb_row height_medium\"><div class=\"l-section-h i-cf\"><div class=\"g-cols via_grid cols_1 laptops-cols_inherit tablets-cols_inherit mobiles-cols_1 valign_top type_default\"><div class=\"wpb_column vc_column_container\"><div class=\"vc_column-inner\"><div class=\"wpb_text_column us_custom_98ad5d8d has_text_color\"><div class=\"wpb_wrapper\"><h1 style=\"text-align: center;\">N\u00fctzlichen informationen<\/h1>\n<\/div><\/div><div class=\"w-separator us_custom_c772279b size_small has_font_size with_line width_50 thick_1 style_solid color_primary align_center with_content\"><div class=\"w-separator-h\"><i class=\"far fa-envira\"><\/i><\/div><\/div><div class=\"wpb_text_column us_custom_926b8073 has_text_color\"><div class=\"wpb_wrapper\"><h3 style=\"text-align: center;\">Um Ihren Urlaub bestm\u00f6glich zu organisieren<\/h3>\n<\/div><\/div><\/div><\/div><\/div><\/div><\/section><section class=\"l-section wpb_row height_medium\"><div class=\"l-section-h i-cf\"><div class=\"g-cols via_grid cols_2 laptops-cols_inherit tablets-cols_inherit mobiles-cols_1 valign_top type_default\"><div class=\"wpb_column vc_column_container us_custom_d5f4e5a3 has_bg_color\"><div class=\"vc_column-inner\"><div class=\"ult-spacer spacer-69d7bed58f508\" data-id=\"69d7bed58f508\" data-height=\"0\" data-height-mobile=\"200\" data-height-tab=\"\" data-height-tab-portrait=\"200\" data-height-mobile-landscape=\"200\" style=\"clear:both;display:block;\"><\/div><\/div><\/div><div class=\"wpb_column vc_column_container\"><div class=\"vc_column-inner\"><div class=\"g-cols wpb_row us_custom_6317e611 via_grid cols_1 laptops-cols_inherit tablets-cols_inherit mobiles-cols_1 valign_middle type_default\"><div class=\"wpb_column vc_column_container\"><div class=\"vc_column-inner\"><div class=\"ult-spacer spacer-69d7bed58f889\" data-id=\"69d7bed58f889\" data-height=\"20\" data-height-mobile=\"20\" data-height-tab=\"20\" data-height-tab-portrait=\"\" data-height-mobile-landscape=\"\" style=\"clear:both;display:block;\"><\/div><div class=\"wpb_text_column us_custom_e4542a44 has_text_color\"><div class=\"wpb_wrapper\"><h4 style=\"text-align: left;\">Leitung\/Informationsb\u00fcro<\/h4>\n<\/div><\/div><div class=\"ult-spacer spacer-69d7bed58f9b8\" data-id=\"69d7bed58f9b8\" data-height=\"20\" data-height-mobile=\"20\" data-height-tab=\"20\" data-height-tab-portrait=\"\" data-height-mobile-landscape=\"\" style=\"clear:both;display:block;\"><\/div><div class=\"w-iconbox iconpos_left style_default color_primary align_left no_title\"><div class=\"w-iconbox-icon\" style=\"font-size:17px;\"><i class=\"fas fa-phone\"><\/i><\/div><div class=\"w-iconbox-meta\"><div class=\"w-iconbox-text\"><p><a href=\"tel:+39057826971\">+39 0578 26971<\/a><\/p>\n<\/div><\/div><\/div><div class=\"w-iconbox iconpos_left style_default color_primary align_left no_title\"><div class=\"w-iconbox-icon\" style=\"font-size:17px;\"><i class=\"fas fa-envelope\"><\/i><\/div><div class=\"w-iconbox-meta\"><div class=\"w-iconbox-text\"><p><a href=\"mailto:info@parcodellepiscine.it\">info@parcodellepiscine.it<\/a><\/p>\n<\/div><\/div><\/div><div class=\"ult-spacer spacer-69d7bed58fbff\" data-id=\"69d7bed58fbff\" data-height=\"20\" data-height-mobile=\"20\" data-height-tab=\"20\" data-height-tab-portrait=\"\" data-height-mobile-landscape=\"\" style=\"clear:both;display:block;\"><\/div><div class=\"wpb_text_column us_custom_345c8b9d has_text_color\"><div class=\"wpb_wrapper\"><p><strong>Von Oktober bis M\u00e4rz: Montag bis Freitag<\/strong><br \/>\nvon 08:00 bis 13:00 Uhr und von 15:00 bis 18:00 Uhr<\/p>\n<p><strong>April, Mai, Juni und September<\/strong><br \/>\nt\u00e4glich von 09:00 bis 13:00 Uhr und von 16:00 bis 19:00 Uhr<\/p>\n<p><strong>Juli und August<\/strong><br \/>\nt\u00e4glich von 08:00 bis 23:00 Uhr<\/p>\n<\/div><\/div><div class=\"ult-spacer spacer-69d7bed58fd22\" data-id=\"69d7bed58fd22\" data-height=\"20\" data-height-mobile=\"20\" data-height-tab=\"20\" data-height-tab-portrait=\"\" data-height-mobile-landscape=\"\" style=\"clear:both;display:block;\"><\/div><\/div><\/div><\/div><\/div><\/div><\/div><\/div><\/section><section class=\"l-section wpb_row height_medium with_img parallax_fixed\"><div class=\"l-section-img\" style=\"background-image: url(https:\/\/parcodellepiscine.it\/wp-content\/uploads\/2021\/11\/parco-delle-piscine-sarteano-siena-piscine-acqua-termale-01.jpeg);background-repeat: no-repeat;\" data-img-width=\"1920\" data-img-height=\"1080\"><\/div><div class=\"l-section-h i-cf\"><div class=\"g-cols via_grid cols_1-2-1 laptops-cols_inherit tablets-cols_inherit mobiles-cols_1 valign_middle type_default\"><div class=\"wpb_column vc_column_container\"><div class=\"vc_column-inner\"><div class=\"ult-spacer spacer-69d7bed593818\" data-id=\"69d7bed593818\" data-height=\"150\" data-height-mobile=\"150\" data-height-tab=\"150\" data-height-tab-portrait=\"\" data-height-mobile-landscape=\"\" style=\"clear:both;display:block;\"><\/div><\/div><\/div><div class=\"wpb_column vc_column_container\"><div class=\"vc_column-inner\"><\/div><\/div><div class=\"wpb_column vc_column_container\"><div class=\"vc_column-inner\"><\/div><\/div><\/div><\/div><\/section><section class=\"l-section wpb_row us_custom_f3255ffb height_auto with_shape\"><div class=\"l-section-shape type_wave pos_bottom\" style=\"height:8vh;color:#4c89b5\"><svg xmlns=\"http:\/\/www.w3.org\/2000\/svg\" viewBox=\"0 4 64 4\" preserveAspectRatio=\"none\" width=\"100%\" height=\"100%\">\r\n\t<path fill=\"currentColor\" d=\"M64 6 C32 0 32 12 0 6 L0 8 L64 8 Z\"\/>\r\n<\/svg><\/div><div class=\"l-section-h i-cf\"><div class=\"g-cols via_grid cols_1-4-1 laptops-cols_inherit tablets-cols_inherit mobiles-cols_1 valign_top type_default\"><div class=\"wpb_column vc_column_container\"><div class=\"vc_column-inner\"><\/div><\/div><div class=\"wpb_column vc_column_container\"><div class=\"vc_column-inner\"><div class=\"ult-spacer spacer-69d7bed593ca7\" data-id=\"69d7bed593ca7\" data-height=\"5\" data-height-mobile=\"5\" data-height-tab=\"5\" data-height-tab-portrait=\"\" data-height-mobile-landscape=\"\" style=\"clear:both;display:block;\"><\/div><\/div><\/div><div class=\"wpb_column vc_column_container\"><div class=\"vc_column-inner\"><\/div><\/div><\/div><\/div><\/section><section class=\"l-section wpb_row us_custom_b27c6e18 height_auto with_shape\"><div class=\"l-section-shape type_wave pos_bottom\" style=\"height:9vh;color:var(--color-header-middle-bg)\"><svg xmlns=\"http:\/\/www.w3.org\/2000\/svg\" viewBox=\"0 4 64 4\" preserveAspectRatio=\"none\" width=\"100%\" height=\"100%\">\r\n\t<path fill=\"currentColor\" d=\"M64 6 C32 0 32 12 0 6 L0 8 L64 8 Z\"\/>\r\n<\/svg><\/div><div class=\"l-section-h i-cf\"><div class=\"g-cols via_grid cols_1 laptops-cols_inherit tablets-cols_inherit mobiles-cols_1 valign_top type_default\"><div class=\"wpb_column vc_column_container\"><div class=\"vc_column-inner\"><div class=\"ult-spacer spacer-69d7bed593f8b\" data-id=\"69d7bed593f8b\" data-height=\"10\" data-height-mobile=\"10\" data-height-tab=\"10\" data-height-tab-portrait=\"\" data-height-mobile-landscape=\"\" style=\"clear:both;display:block;\"><\/div><\/div><\/div><\/div><\/div><\/section><section class=\"l-section wpb_row us_custom_057801f8 height_medium\"><div class=\"l-section-h i-cf\"><div class=\"g-cols via_grid cols_1 laptops-cols_inherit tablets-cols_inherit mobiles-cols_1 valign_top type_default\"><div class=\"wpb_column vc_column_container us_custom_345c8b9d has_text_color\"><div class=\"vc_column-inner\"><div class=\"ult-spacer spacer-69d7bed59428d\" data-id=\"69d7bed59428d\" data-height=\"30\" data-height-mobile=\"30\" data-height-tab=\"30\" data-height-tab-portrait=\"\" data-height-mobile-landscape=\"\" style=\"clear:both;display:block;\"><\/div><div class=\"wpb_text_column us_custom_34f82d37 has_text_color\"><div class=\"wpb_wrapper\"><h2 style=\"text-align: left;\"><strong>N\u00fctzliche Nummern<\/strong><\/h2>\n<\/div><\/div><div class=\"ult-spacer spacer-69d7bed59440a\" data-id=\"69d7bed59440a\" data-height=\"10\" data-height-mobile=\"10\" data-height-tab=\"10\" data-height-tab-portrait=\"\" data-height-mobile-landscape=\"\" style=\"clear:both;display:block;\"><\/div><div class=\"g-cols wpb_row via_grid cols_custom laptops-cols_inherit tablets-cols_inherit mobiles-cols_1 valign_top type_default\" style=\"--custom-columns:3fr 1.5fr 1.5fr \"><div class=\"wpb_column vc_column_container\"><div class=\"vc_column-inner\"><div class=\"w-iconbox iconpos_left style_default color_primary align_left\"><div class=\"w-iconbox-icon\" style=\"font-size:28px;\"><i class=\"fas fa-briefcase-medical\"><\/i><\/div><div class=\"w-iconbox-meta\"><h6 class=\"w-iconbox-title\">Medizinisches Zentrum<\/h6><div class=\"w-iconbox-text\"><p><a href=\"tel:+390578266622\">0578266622<\/a> &#8211; <a href=\"tel:+390578266740\">0578266740<\/a> &#8211; <a href=\"tel:+390578265856\">0578265856<\/a><\/p>\n<\/div><\/div><\/div><div class=\"ult-spacer spacer-69d7bed5946ff\" data-id=\"69d7bed5946ff\" data-height=\"30\" data-height-mobile=\"30\" data-height-tab=\"30\" data-height-tab-portrait=\"\" data-height-mobile-landscape=\"\" style=\"clear:both;display:block;\"><\/div><div class=\"w-iconbox iconpos_left style_default color_primary align_left\"><div class=\"w-iconbox-icon\" style=\"font-size:28px;\"><i class=\"fas fa-siren-on\"><\/i><\/div><div class=\"w-iconbox-meta\"><h6 class=\"w-iconbox-title\">Carabinieri (Polizei)<\/h6><div class=\"w-iconbox-text\"><p><a href=\"tel:+390578265509\">0578265509<\/a><\/p>\n<\/div><\/div><\/div><div class=\"ult-spacer spacer-69d7bed5947a3\" data-id=\"69d7bed5947a3\" data-height=\"30\" data-height-mobile=\"30\" data-height-tab=\"30\" data-height-tab-portrait=\"\" data-height-mobile-landscape=\"\" style=\"clear:both;display:block;\"><\/div><div class=\"w-iconbox iconpos_left style_default color_primary align_left\"><div class=\"w-iconbox-icon\" style=\"font-size:28px;\"><i class=\"fas fa-bus\"><\/i><\/div><div class=\"w-iconbox-meta\"><h6 class=\"w-iconbox-title\">\u00d6ffentlicher Nahverkehr Siena (Siena Mobilit\u00e0)<\/h6><div class=\"w-iconbox-text\"><p><a href=\"tel:+390577204111\">0577204111<\/a><\/p>\n<\/div><\/div><\/div><div class=\"ult-spacer spacer-69d7bed594833\" data-id=\"69d7bed594833\" data-height=\"30\" data-height-mobile=\"30\" data-height-tab=\"30\" data-height-tab-portrait=\"\" data-height-mobile-landscape=\"\" style=\"clear:both;display:block;\"><\/div><div class=\"w-iconbox iconpos_left style_default color_primary align_left\"><div class=\"w-iconbox-icon\" style=\"font-size:28px;\"><i class=\"fas fa-train\"><\/i><\/div><div class=\"w-iconbox-meta\"><h6 class=\"w-iconbox-title\">Trenitalia<\/h6><div class=\"w-iconbox-text\"><p><a href=\"tel:892021\">892021<\/a>, <a href=\"tel:199892021\">199892021<\/a>, <a href=\"tel:+39199303060\">199303060<\/a><\/p>\n<\/div><\/div><\/div><\/div><\/div><div class=\"wpb_column vc_column_container\"><div class=\"vc_column-inner\"><div class=\"w-iconbox iconpos_left style_default color_primary align_left\"><div class=\"w-iconbox-icon\" style=\"font-size:28px;\"><i class=\"fas fa-clinic-medical\"><\/i><\/div><div class=\"w-iconbox-meta\"><h6 class=\"w-iconbox-title\">Apotheke<\/h6><div class=\"w-iconbox-text\"><p><a href=\"tel:+390578267092\">0578267092<\/a><\/p>\n<\/div><\/div><\/div><div class=\"ult-spacer spacer-69d7bed594a41\" data-id=\"69d7bed594a41\" data-height=\"30\" data-height-mobile=\"30\" data-height-tab=\"30\" data-height-tab-portrait=\"\" data-height-mobile-landscape=\"\" style=\"clear:both;display:block;\"><\/div><div class=\"w-iconbox iconpos_left style_default color_primary align_left\"><div class=\"w-iconbox-icon\" style=\"font-size:28px;\"><i class=\"fas fa-envelope\"><\/i><\/div><div class=\"w-iconbox-meta\"><h6 class=\"w-iconbox-title\">Postamt<\/h6><div class=\"w-iconbox-text\"><p><a href=\"tel:+390578268531\">\u00a00578268531<\/a><\/p>\n<\/div><\/div><\/div><div class=\"ult-spacer spacer-69d7bed594ad2\" data-id=\"69d7bed594ad2\" data-height=\"30\" data-height-mobile=\"30\" data-height-tab=\"30\" data-height-tab-portrait=\"\" data-height-mobile-landscape=\"\" style=\"clear:both;display:block;\"><\/div><div class=\"w-iconbox iconpos_left style_default color_primary align_left\"><div class=\"w-iconbox-icon\" style=\"font-size:28px;\"><i class=\"fas fa-taxi\"><\/i><\/div><div class=\"w-iconbox-meta\"><h6 class=\"w-iconbox-title\">Taxi<\/h6><div class=\"w-iconbox-text\"><p><a href=\"tel:+39057820178\">057820178<\/a> &#8211; <a href=\"tel:+39057821929\">057821929<\/a><\/p>\n<\/div><\/div><\/div><\/div><\/div><div class=\"wpb_column vc_column_container us_custom_cc181b1f has_bg_color\"><div class=\"vc_column-inner\"><div class=\"wpb_text_column us_custom_08340f5a has_text_color\"><div class=\"wpb_wrapper\"><h2 style=\"text-align: center;\"><strong>Wetter<\/strong><\/h2>\n<\/div><\/div><div class=\"w-hwrapper us_custom_c530134a align_center valign_middle\">[vc_raw_html]PGRpdiBpZD0iY29udF9mNWVjYzg1NzQ3ZGVmY2UxOTA3YWFkYmJhYTMzN2JlMiI+PHNjcmlwdCB0eXBlPSJ0ZXh0L2phdmFzY3JpcHQiIGFzeW5jIHNyYz0iaHR0cHM6Ly93d3cuaWxtZXRlby5uZXQvd2lkX2xvYWRlci9mNWVjYzg1NzQ3ZGVmY2UxOTA3YWFkYmJhYTMzN2JlMiI+PC9zY3JpcHQ+PC9kaXY+[\/vc_raw_html]<\/div><\/div><\/div><\/div><\/div><\/div><\/div><\/div><\/section>\n","protected":false},"excerpt":{"rendered":"N\u00fctzlichen informationen Um Ihren Urlaub bestm\u00f6glich zu organisieren Leitung\/Informationsb\u00fcro +39 0578 26971 info@parcodellepiscine.it Von Oktober bis M\u00e4rz: Montag bis Freitag von 08:00 bis 13:00 Uhr und von 15:00 bis 18:00 Uhr April, Mai, Juni und September t\u00e4glich von 09:00 bis 13:00 Uhr und von 16:00 bis 19:00 Uhr Juli und August t\u00e4glich von 08:00 bis...","protected":false},"author":1,"featured_media":1662,"parent":0,"menu_order":0,"comment_status":"closed","ping_status":"closed","template":"","meta":[],"acf":[],"yoast_head":"<!-- This site is optimized with the Yoast SEO plugin v17.5 - https:\/\/yoast.com\/wordpress\/plugins\/seo\/ -->\n<title>Parco delle Piscine, Toskana, n\u00fctzliche Informationen<\/title>\n<meta name=\"description\" content=\"Alle n\u00fctzlichen Informationen, um den Campingplatz Parco delle Piscine zu kontaktieren und Ihren Urlaub in Sarteano in der Toskana bestm\u00f6glich zu organisieren.\" \/>\n<meta name=\"robots\" content=\"index, follow, max-snippet:-1, max-image-preview:large, max-video-preview:-1\" \/>\n<link rel=\"canonical\" href=\"https:\/\/parcodellepiscine.it\/de\/nutzliche-informationen\/\" \/>\n<meta property=\"og:locale\" content=\"de_DE\" \/>\n<meta property=\"og:type\" content=\"article\" \/>\n<meta property=\"og:title\" content=\"Parco delle Piscine, Toskana, n\u00fctzliche Informationen\" \/>\n<meta property=\"og:description\" content=\"Alle n\u00fctzlichen Informationen, um den Campingplatz Parco delle Piscine zu kontaktieren und Ihren Urlaub in Sarteano in der Toskana bestm\u00f6glich zu organisieren.\" \/>\n<meta property=\"og:url\" content=\"https:\/\/parcodellepiscine.it\/de\/nutzliche-informationen\/\" \/>\n<meta property=\"og:site_name\" content=\"Parco delle Piscine\" \/>\n<meta property=\"article:publisher\" content=\"https:\/\/www.facebook.com\/parcodellepiscine.sarteano\/\" \/>\n<meta property=\"article:modified_time\" content=\"2022-06-14T09:11:51+00:00\" \/>\n<meta property=\"og:image\" content=\"https:\/\/parcodellepiscine.it\/wp-content\/uploads\/2021\/11\/parco-delle-piscine-campeggio-villaggio-quattro-stelle-siena-04.jpeg\" \/>\n\t<meta property=\"og:image:width\" content=\"1920\" \/>\n\t<meta property=\"og:image:height\" content=\"1080\" \/>\n<meta name=\"twitter:card\" content=\"summary_large_image\" \/>\n<meta name=\"twitter:site\" content=\"@Parcopiscine\" \/>\n<meta name=\"twitter:label1\" content=\"Gesch\u00e4tzte Lesezeit\" \/>\n\t<meta name=\"twitter:data1\" content=\"5 Minuten\" \/>\n<script type=\"application\/ld+json\" class=\"yoast-schema-graph\">{\"@context\":\"https:\/\/schema.org\",\"@graph\":[{\"@type\":\"Organization\",\"@id\":\"https:\/\/parcodellepiscine.it\/#organization\",\"name\":\"Parco delle Piscine\",\"url\":\"https:\/\/parcodellepiscine.it\/\",\"sameAs\":[\"https:\/\/www.facebook.com\/parcodellepiscine.sarteano\/\",\"https:\/\/www.instagram.com\/parco_delle_piscine_sarteano\/\",\"https:\/\/www.youtube.com\/playlist?list=PLlmqBT-RHG23qLOF_DGv9w-_B3_uVa9Ur\",\"https:\/\/twitter.com\/Parcopiscine\"],\"logo\":{\"@type\":\"ImageObject\",\"@id\":\"https:\/\/parcodellepiscine.it\/#logo\",\"inLanguage\":\"de-DE\",\"url\":\"https:\/\/parcodellepiscine.it\/wp-content\/uploads\/2021\/11\/parco-delle-piscine-sarteano-siena-piscine-02.jpeg\",\"contentUrl\":\"https:\/\/parcodellepiscine.it\/wp-content\/uploads\/2021\/11\/parco-delle-piscine-sarteano-siena-piscine-02.jpeg\",\"width\":1280,\"height\":720,\"caption\":\"Parco delle Piscine\"},\"image\":{\"@id\":\"https:\/\/parcodellepiscine.it\/#logo\"}},{\"@type\":\"WebSite\",\"@id\":\"https:\/\/parcodellepiscine.it\/#website\",\"url\":\"https:\/\/parcodellepiscine.it\/\",\"name\":\"Parco delle Piscine Sarteano\",\"description\":\"Camping Village a quattro stelle\",\"publisher\":{\"@id\":\"https:\/\/parcodellepiscine.it\/#organization\"},\"potentialAction\":[{\"@type\":\"SearchAction\",\"target\":{\"@type\":\"EntryPoint\",\"urlTemplate\":\"https:\/\/parcodellepiscine.it\/?s={search_term_string}\"},\"query-input\":\"required name=search_term_string\"}],\"inLanguage\":\"de-DE\"},{\"@type\":\"ImageObject\",\"@id\":\"https:\/\/parcodellepiscine.it\/de\/nutzliche-informationen\/#primaryimage\",\"inLanguage\":\"de-DE\",\"url\":\"https:\/\/parcodellepiscine.it\/wp-content\/uploads\/2021\/11\/parco-delle-piscine-campeggio-villaggio-quattro-stelle-siena-04.jpeg\",\"contentUrl\":\"https:\/\/parcodellepiscine.it\/wp-content\/uploads\/2021\/11\/parco-delle-piscine-campeggio-villaggio-quattro-stelle-siena-04.jpeg\",\"width\":1920,\"height\":1080},{\"@type\":\"WebPage\",\"@id\":\"https:\/\/parcodellepiscine.it\/de\/nutzliche-informationen\/#webpage\",\"url\":\"https:\/\/parcodellepiscine.it\/de\/nutzliche-informationen\/\",\"name\":\"Parco delle Piscine, Toskana, n\\u00fctzliche Informationen\",\"isPartOf\":{\"@id\":\"https:\/\/parcodellepiscine.it\/#website\"},\"primaryImageOfPage\":{\"@id\":\"https:\/\/parcodellepiscine.it\/de\/nutzliche-informationen\/#primaryimage\"},\"datePublished\":\"2021-11-11T10:29:58+00:00\",\"dateModified\":\"2022-06-14T09:11:51+00:00\",\"description\":\"Alle n\\u00fctzlichen Informationen, um den Campingplatz Parco delle Piscine zu kontaktieren und Ihren Urlaub in Sarteano in der Toskana bestm\\u00f6glich zu organisieren.\",\"breadcrumb\":{\"@id\":\"https:\/\/parcodellepiscine.it\/de\/nutzliche-informationen\/#breadcrumb\"},\"inLanguage\":\"de-DE\",\"potentialAction\":[{\"@type\":\"ReadAction\",\"target\":[\"https:\/\/parcodellepiscine.it\/de\/nutzliche-informationen\/\"]}]},{\"@type\":\"BreadcrumbList\",\"@id\":\"https:\/\/parcodellepiscine.it\/de\/nutzliche-informationen\/#breadcrumb\",\"itemListElement\":[{\"@type\":\"ListItem\",\"position\":1,\"name\":\"Home\",\"item\":\"https:\/\/parcodellepiscine.it\/de\/\"},{\"@type\":\"ListItem\",\"position\":2,\"name\":\"N\\u00fctzlichen info\"}]}]}<\/script>\n<!-- \/ Yoast SEO plugin. -->","yoast_head_json":{"title":"Parco delle Piscine, Toskana, n\u00fctzliche Informationen","description":"Alle n\u00fctzlichen Informationen, um den Campingplatz Parco delle Piscine zu kontaktieren und Ihren Urlaub in Sarteano in der Toskana bestm\u00f6glich zu organisieren.","robots":{"index":"index","follow":"follow","max-snippet":"max-snippet:-1","max-image-preview":"max-image-preview:large","max-video-preview":"max-video-preview:-1"},"canonical":"https:\/\/parcodellepiscine.it\/de\/nutzliche-informationen\/","og_locale":"de_DE","og_type":"article","og_title":"Parco delle Piscine, Toskana, n\u00fctzliche Informationen","og_description":"Alle n\u00fctzlichen Informationen, um den Campingplatz Parco delle Piscine zu kontaktieren und Ihren Urlaub in Sarteano in der Toskana bestm\u00f6glich zu organisieren.","og_url":"https:\/\/parcodellepiscine.it\/de\/nutzliche-informationen\/","og_site_name":"Parco delle Piscine","article_publisher":"https:\/\/www.facebook.com\/parcodellepiscine.sarteano\/","article_modified_time":"2022-06-14T09:11:51+00:00","og_image":[{"width":1920,"height":1080,"url":"https:\/\/parcodellepiscine.it\/wp-content\/uploads\/2021\/11\/parco-delle-piscine-campeggio-villaggio-quattro-stelle-siena-04.jpeg","type":"image\/jpeg"}],"twitter_card":"summary_large_image","twitter_site":"@Parcopiscine","twitter_misc":{"Gesch\u00e4tzte Lesezeit":"5 Minuten"},"schema":{"@context":"https:\/\/schema.org","@graph":[{"@type":"Organization","@id":"https:\/\/parcodellepiscine.it\/#organization","name":"Parco delle Piscine","url":"https:\/\/parcodellepiscine.it\/","sameAs":["https:\/\/www.facebook.com\/parcodellepiscine.sarteano\/","https:\/\/www.instagram.com\/parco_delle_piscine_sarteano\/","https:\/\/www.youtube.com\/playlist?list=PLlmqBT-RHG23qLOF_DGv9w-_B3_uVa9Ur","https:\/\/twitter.com\/Parcopiscine"],"logo":{"@type":"ImageObject","@id":"https:\/\/parcodellepiscine.it\/#logo","inLanguage":"de-DE","url":"https:\/\/parcodellepiscine.it\/wp-content\/uploads\/2021\/11\/parco-delle-piscine-sarteano-siena-piscine-02.jpeg","contentUrl":"https:\/\/parcodellepiscine.it\/wp-content\/uploads\/2021\/11\/parco-delle-piscine-sarteano-siena-piscine-02.jpeg","width":1280,"height":720,"caption":"Parco delle Piscine"},"image":{"@id":"https:\/\/parcodellepiscine.it\/#logo"}},{"@type":"WebSite","@id":"https:\/\/parcodellepiscine.it\/#website","url":"https:\/\/parcodellepiscine.it\/","name":"Parco delle Piscine Sarteano","description":"Camping Village a quattro stelle","publisher":{"@id":"https:\/\/parcodellepiscine.it\/#organization"},"potentialAction":[{"@type":"SearchAction","target":{"@type":"EntryPoint","urlTemplate":"https:\/\/parcodellepiscine.it\/?s={search_term_string}"},"query-input":"required name=search_term_string"}],"inLanguage":"de-DE"},{"@type":"ImageObject","@id":"https:\/\/parcodellepiscine.it\/de\/nutzliche-informationen\/#primaryimage","inLanguage":"de-DE","url":"https:\/\/parcodellepiscine.it\/wp-content\/uploads\/2021\/11\/parco-delle-piscine-campeggio-villaggio-quattro-stelle-siena-04.jpeg","contentUrl":"https:\/\/parcodellepiscine.it\/wp-content\/uploads\/2021\/11\/parco-delle-piscine-campeggio-villaggio-quattro-stelle-siena-04.jpeg","width":1920,"height":1080},{"@type":"WebPage","@id":"https:\/\/parcodellepiscine.it\/de\/nutzliche-informationen\/#webpage","url":"https:\/\/parcodellepiscine.it\/de\/nutzliche-informationen\/","name":"Parco delle Piscine, Toskana, n\u00fctzliche Informationen","isPartOf":{"@id":"https:\/\/parcodellepiscine.it\/#website"},"primaryImageOfPage":{"@id":"https:\/\/parcodellepiscine.it\/de\/nutzliche-informationen\/#primaryimage"},"datePublished":"2021-11-11T10:29:58+00:00","dateModified":"2022-06-14T09:11:51+00:00","description":"Alle n\u00fctzlichen Informationen, um den Campingplatz Parco delle Piscine zu kontaktieren und Ihren Urlaub in Sarteano in der Toskana bestm\u00f6glich zu organisieren.","breadcrumb":{"@id":"https:\/\/parcodellepiscine.it\/de\/nutzliche-informationen\/#breadcrumb"},"inLanguage":"de-DE","potentialAction":[{"@type":"ReadAction","target":["https:\/\/parcodellepiscine.it\/de\/nutzliche-informationen\/"]}]},{"@type":"BreadcrumbList","@id":"https:\/\/parcodellepiscine.it\/de\/nutzliche-informationen\/#breadcrumb","itemListElement":[{"@type":"ListItem","position":1,"name":"Home","item":"https:\/\/parcodellepiscine.it\/de\/"},{"@type":"ListItem","position":2,"name":"N\u00fctzlichen info"}]}]}},"_links":{"self":[{"href":"https:\/\/parcodellepiscine.it\/de\/wp-json\/wp\/v2\/pages\/1661"}],"collection":[{"href":"https:\/\/parcodellepiscine.it\/de\/wp-json\/wp\/v2\/pages"}],"about":[{"href":"https:\/\/parcodellepiscine.it\/de\/wp-json\/wp\/v2\/types\/page"}],"author":[{"embeddable":true,"href":"https:\/\/parcodellepiscine.it\/de\/wp-json\/wp\/v2\/users\/1"}],"replies":[{"embeddable":true,"href":"https:\/\/parcodellepiscine.it\/de\/wp-json\/wp\/v2\/comments?post=1661"}],"version-history":[{"count":5,"href":"https:\/\/parcodellepiscine.it\/de\/wp-json\/wp\/v2\/pages\/1661\/revisions"}],"predecessor-version":[{"id":2643,"href":"https:\/\/parcodellepiscine.it\/de\/wp-json\/wp\/v2\/pages\/1661\/revisions\/2643"}],"wp:featuredmedia":[{"embeddable":true,"href":"https:\/\/parcodellepiscine.it\/de\/wp-json\/wp\/v2\/media\/1662"}],"wp:attachment":[{"href":"https:\/\/parcodellepiscine.it\/de\/wp-json\/wp\/v2\/media?parent=1661"}],"curies":[{"name":"wp","href":"https:\/\/api.w.org\/{rel}","templated":true}]}}