{"id":1658,"date":"2021-11-19T12:55:53","date_gmt":"2021-11-19T12:55:53","guid":{"rendered":"https:\/\/parcodellepiscine.it\/4-sterne-campingplatz-in-der-toskana\/"},"modified":"2022-05-03T13:33:19","modified_gmt":"2022-05-03T13:33:19","slug":"4-sterne-campingplatz-in-der-toskana","status":"publish","type":"page","link":"https:\/\/parcodellepiscine.it\/de\/4-sterne-campingplatz-in-der-toskana\/","title":{"rendered":"4-sterne campingplatz in der toskana"},"content":{"rendered":"<section class=\"l-section wpb_row height_small width_full with_img\"><div class=\"l-section-img\" style=\"background-image: url(https:\/\/parcodellepiscine.it\/wp-content\/uploads\/2021\/11\/parco-delle-piscine-sarteano-case-mobili-06.jpeg);background-repeat: no-repeat;\" data-img-width=\"1920\" data-img-height=\"1080\"><\/div><div class=\"l-section-h i-cf\"><div class=\"g-cols via_grid cols_1 laptops-cols_inherit tablets-cols_inherit mobiles-cols_1 valign_top type_default\"><div class=\"wpb_column vc_column_container\"><div class=\"vc_column-inner\"><div class=\"ult-spacer spacer-69d7b04634744\" data-id=\"69d7b04634744\" data-height=\"400\" data-height-mobile=\"400\" data-height-tab=\"400\" data-height-tab-portrait=\"\" data-height-mobile-landscape=\"\" style=\"clear:both;display:block;\"><\/div><\/div><\/div><\/div><\/div><\/section><section class=\"l-section wpb_row height_medium width_full\"><div class=\"l-section-h i-cf\"><div class=\"g-cols via_grid cols_1 laptops-cols_inherit tablets-cols_inherit mobiles-cols_1 valign_top type_default\"><div class=\"wpb_column vc_column_container\"><div class=\"vc_column-inner\"><div class=\"wpb_text_column us_custom_98ad5d8d has_text_color\"><div class=\"wpb_wrapper\"><h1 style=\"text-align: center;\">4-sterne Campingplatz in der Toskana<\/h1>\n<\/div><\/div><div class=\"w-separator us_custom_c772279b size_small has_font_size with_line width_50 thick_1 style_solid color_primary align_center with_content\"><div class=\"w-separator-h\"><i class=\"far fa-envira\"><\/i><\/div><\/div><div class=\"wpb_text_column us_custom_926b8073 has_text_color\"><div class=\"wpb_wrapper\"><h3 style=\"text-align: center;\">Ideal f\u00fcr alle, die Entspannung mitten in der Natur lieben<\/h3>\n<\/div><\/div><div class=\"ult-spacer spacer-69d7b0463f240\" data-id=\"69d7b0463f240\" data-height=\"30\" data-height-mobile=\"30\" data-height-tab=\"30\" data-height-tab-portrait=\"\" data-height-mobile-landscape=\"\" style=\"clear:both;display:block;\"><\/div><div class=\"g-cols wpb_row via_grid cols_1-4-1 laptops-cols_inherit tablets-cols_inherit mobiles-cols_1 valign_middle type_default\"><div class=\"wpb_column vc_column_container  hide_on_mobiles\"><div class=\"vc_column-inner\"><\/div><\/div><div class=\"wpb_column vc_column_container\"><div class=\"vc_column-inner\"><div class=\"wpb_text_column\"><div class=\"wpb_wrapper\"><p style=\"text-align: center;\">Unser 4-Sterne-Campingplatz in Sarteano in der Provinz Siena stellt seinen G\u00e4sten Mobilheime, Stellpl\u00e4tze und andere Arten der Unterkunft zur Verf\u00fcgung, um den Urlaub in der Toskana unvergesslich zu machen. Unsere Mobilheime verf\u00fcgen, je nach Kategorie, \u00fcber 4 oder 5 Betten, ein oder zwei Badezimmer, ein Wohnzimmer mit Sofa (zwei Schlafpl\u00e4tze) sowie eine K\u00fcche. Alle haben einen \u00fcberdachten Balkon oder Vorraum im Au\u00dfenbereich. F\u00fcr Zelte, Wohnwagen und Wohnmobile haben wir Stellpl\u00e4tze, die auf drei Seiten von einer Hecke umgeben sind, um den G\u00e4sten Ruhe und Privatsph\u00e4re zu garantieren: f\u00fcr alle, die sich einen erholsamen Urlaub w\u00fcnschen. F\u00fcr jeden, der hingegen gerne Leute kennenlernt und in Gesellschaft ist, haben wir Stellpl\u00e4tze ohne Abgrenzung auf einer offenen Rasenfl\u00e4che geschaffen. F\u00fcr alle, die das Campingleben leben, aber nicht auf ein wenig Komfort verzichten m\u00f6chten, halten wir weitere Arten der Unterkunft bereit, wie zum Beispiel unsere ausgestatteten Zelte, die \u00fcber vier Betten und eine K\u00fcche verf\u00fcgen (Badezimmer und flie\u00dfendes Wasser sind nicht vorhanden).<\/p>\n<p>Entdecken Sie alle Details in den entsprechenden Bereichen und w\u00e4hlen Sie die Unterkunft aus, die am besten zu Ihrem Urlaub passt!<\/p>\n<\/div><\/div><div class=\"ult-spacer spacer-69d7b0463f877\" data-id=\"69d7b0463f877\" data-height=\"0\" data-height-mobile=\"20\" data-height-tab=\"0\" data-height-tab-portrait=\"0\" data-height-mobile-landscape=\"20\" style=\"clear:both;display:block;\"><\/div><\/div><\/div><div class=\"wpb_column vc_column_container\"><div class=\"vc_column-inner\"><\/div><\/div><\/div><\/div><\/div><\/div><\/div><\/section><section class=\"l-section wpb_row us_custom_f3255ffb height_auto with_shape\"><div class=\"l-section-shape type_wave pos_bottom\" style=\"height:8vh;color:#4c89b5\"><svg xmlns=\"http:\/\/www.w3.org\/2000\/svg\" viewBox=\"0 4 64 4\" preserveAspectRatio=\"none\" width=\"100%\" height=\"100%\">\r\n\t<path fill=\"currentColor\" d=\"M64 6 C32 0 32 12 0 6 L0 8 L64 8 Z\"\/>\r\n<\/svg><\/div><div class=\"l-section-h i-cf\"><div class=\"g-cols via_grid cols_1-4-1 laptops-cols_inherit tablets-cols_inherit mobiles-cols_1 valign_top type_default\"><div class=\"wpb_column vc_column_container\"><div class=\"vc_column-inner\"><\/div><\/div><div class=\"wpb_column vc_column_container\"><div class=\"vc_column-inner\"><div class=\"ult-spacer spacer-69d7b0463fe53\" data-id=\"69d7b0463fe53\" data-height=\"5\" data-height-mobile=\"5\" data-height-tab=\"5\" data-height-tab-portrait=\"\" data-height-mobile-landscape=\"\" style=\"clear:both;display:block;\"><\/div><\/div><\/div><div class=\"wpb_column vc_column_container\"><div class=\"vc_column-inner\"><\/div><\/div><\/div><\/div><\/section><section class=\"l-section wpb_row us_custom_b27c6e18 height_auto with_shape\"><div class=\"l-section-shape type_wave pos_bottom\" style=\"height:9vh;color:var(--color-header-middle-bg)\"><svg xmlns=\"http:\/\/www.w3.org\/2000\/svg\" viewBox=\"0 4 64 4\" preserveAspectRatio=\"none\" width=\"100%\" height=\"100%\">\r\n\t<path fill=\"currentColor\" d=\"M64 6 C32 0 32 12 0 6 L0 8 L64 8 Z\"\/>\r\n<\/svg><\/div><div class=\"l-section-h i-cf\"><div class=\"g-cols via_grid cols_1 laptops-cols_inherit tablets-cols_inherit mobiles-cols_1 valign_top type_default\"><div class=\"wpb_column vc_column_container\"><div class=\"vc_column-inner\"><div class=\"ult-spacer spacer-69d7b0464064b\" data-id=\"69d7b0464064b\" data-height=\"10\" data-height-mobile=\"10\" data-height-tab=\"10\" data-height-tab-portrait=\"\" data-height-mobile-landscape=\"\" style=\"clear:both;display:block;\"><\/div><\/div><\/div><\/div><\/div><\/section><section class=\"l-section wpb_row us_custom_057801f8 height_medium\"><div class=\"l-section-h i-cf\"><div class=\"g-cols via_grid cols_1 laptops-cols_inherit tablets-cols_inherit mobiles-cols_1 valign_top type_default\"><div class=\"wpb_column vc_column_container us_custom_6df4bc3a has_text_color\"><div class=\"vc_column-inner\"><div class=\"ult-spacer spacer-69d7b04640a8a\" data-id=\"69d7b04640a8a\" data-height=\"30\" data-height-mobile=\"30\" data-height-tab=\"30\" data-height-tab-portrait=\"\" data-height-mobile-landscape=\"\" style=\"clear:both;display:block;\"><\/div><div class=\"wpb_text_column us_custom_5b201339 has_text_color\"><div class=\"wpb_wrapper\"><h3 style=\"text-align: center;\"><strong>Unsere Unterkunft<\/strong><\/h3>\n<\/div><\/div><div class=\"ult-spacer spacer-69d7b04640c1d\" data-id=\"69d7b04640c1d\" data-height=\"10\" data-height-mobile=\"10\" data-height-tab=\"10\" data-height-tab-portrait=\"\" data-height-mobile-landscape=\"\" style=\"clear:both;display:block;\"><\/div><div class=\"g-cols wpb_row via_grid cols_3 laptops-cols_inherit tablets-cols_inherit mobiles-cols_1 valign_top type_default\"><div class=\"wpb_column vc_column_container\"><div class=\"vc_column-inner\"><div class=\"ult-new-ib ult-ib-effect-style13  ult-ib-resp  \" data-min-width=\"768\" data-max-width=\"900\" style=\"background:#366d95;\" data-opacity=\"0.9\" data-hover-opacity=\"0.3\" ><img class=\"ult-new-ib-img\" style=\"opacity:0.9;\" alt=\"null\" src=\"https:\/\/parcodellepiscine.it\/wp-content\/uploads\/2021\/11\/parco-delle-piscine-sarteano-siena-piscine-acqua-termale-casamobile-01.jpeg\"   \/><div id=\"interactive-banner-wrap-9404\" class=\"ult-new-ib-desc\" style=\"\"><h3 class=\"ult-new-ib-title ult-responsive\"  data-ultimate-target='#interactive-banner-wrap-9404 .ult-new-ib-title'  data-responsive-json-new='{\"font-size\":\"desktop:30px;\",\"line-height\":\"\"}'  style=\"font-weight:bold;color:#1d4059;\">MOBILE H\u00c4USER<\/h3><div class=\"ult-new-ib-content ult-responsive\"  data-ultimate-target='#interactive-banner-wrap-9404 .ult-new-ib-content'  data-responsive-json-new='{\"font-size\":\"desktop:18px;\",\"line-height\":\"\"}'  style=\"font-weight:normal;color:#ffffff;\"><p>Mobilheime sind die ideale Wahl f\u00fcr alle, die einen komfortablen Urlaub in der Natur verbringen m\u00f6chten.<\/p><\/div><\/div><a class=\"ult-new-ib-link\" href=\"https:\/\/parcodellepiscine.it\/de\/camping-village\/1\/village-parco-delle-piscine\/\"  ><\/a><\/div><\/div><\/div><div class=\"wpb_column vc_column_container\"><div class=\"vc_column-inner\"><div class=\"ult-new-ib ult-ib-effect-style13  ult-ib-resp  \" data-min-width=\"768\" data-max-width=\"900\" style=\"background:#98c74c;\" data-opacity=\"0.9\" data-hover-opacity=\"0.3\" ><img class=\"ult-new-ib-img\" style=\"opacity:0.9;\" alt=\"null\" src=\"https:\/\/parcodellepiscine.it\/wp-content\/uploads\/2021\/11\/parco-delle-piscine-sarteano-siena-piscine-acqua-termale-piazzola-01.jpeg\"   \/><div id=\"interactive-banner-wrap-9018\" class=\"ult-new-ib-desc\" style=\"\"><h3 class=\"ult-new-ib-title ult-responsive\"  data-ultimate-target='#interactive-banner-wrap-9018 .ult-new-ib-title'  data-responsive-json-new='{\"font-size\":\"desktop:30px;\",\"line-height\":\"\"}'  style=\"font-weight:bold;color:#1d4059;\">PITCHES<\/h3><div class=\"ult-new-ib-content ult-responsive\"  data-ultimate-target='#interactive-banner-wrap-9018 .ult-new-ib-content'  data-responsive-json-new='{\"font-size\":\"desktop:18px;\",\"line-height\":\"\"}'  style=\"font-weight:normal;color:#ffffff;\"><p>Die Stellpl\u00e4tze sind ideal f\u00fcr Zelte, Wohnmobile und Wohnwagen. Umgeben von Gr\u00fcn, schattig oder sonnig, sind sie ideal f\u00fcr Naturliebhaber.<\/p><\/div><\/div><a class=\"ult-new-ib-link\" href=\"https:\/\/parcodellepiscine.it\/de\/camping-village\/0\/camping-parco-delle-piscine\/\"  ><\/a><\/div><\/div><\/div><div class=\"wpb_column vc_column_container\"><div class=\"vc_column-inner\"><div class=\"ult-new-ib ult-ib-effect-style13  ult-ib-resp  \" data-min-width=\"768\" data-max-width=\"900\" style=\"background:#a17e62;\" data-opacity=\"0.9\" data-hover-opacity=\"0.3\" ><img class=\"ult-new-ib-img\" style=\"opacity:0.9;\" alt=\"null\" src=\"https:\/\/parcodellepiscine.it\/wp-content\/uploads\/2021\/11\/parco-delle-piscine-sarteano-siena-piscine-acqua-termale-tende-attrezzate-01.jpeg\"   \/><div id=\"interactive-banner-wrap-1004\" class=\"ult-new-ib-desc\" style=\"\"><h3 class=\"ult-new-ib-title ult-responsive\"  data-ultimate-target='#interactive-banner-wrap-1004 .ult-new-ib-title'  data-responsive-json-new='{\"font-size\":\"desktop:30px;\",\"line-height\":\"\"}'  style=\"font-weight:bold;color:#1d4059;\">GLAMPING<\/h3><div class=\"ult-new-ib-content ult-responsive\"  data-ultimate-target='#interactive-banner-wrap-1004 .ult-new-ib-content'  data-responsive-json-new='{\"font-size\":\"desktop:18px;\",\"line-height\":\"\"}'  style=\"font-weight:normal;color:#ffffff;\"><p>Weitere Unterk\u00fcnfte f\u00fcr einen unvergesslichen Urlaub, zum Beispiel in unseren voll ausgestatteten Zelten.<\/p><\/div><\/div><a class=\"ult-new-ib-link\" href=\"https:\/\/parcodellepiscine.it\/de\/unterkunftsdetail\/8424\/tenda-attrezzata-coco-sweet\/\"  ><\/a><\/div><\/div><\/div><\/div><\/div><\/div><\/div><\/div><\/section>\n","protected":false},"excerpt":{"rendered":"4-sterne Campingplatz in der Toskana Ideal f\u00fcr alle, die Entspannung mitten in der Natur lieben Unser 4-Sterne-Campingplatz in Sarteano in der Provinz Siena stellt seinen G\u00e4sten Mobilheime, Stellpl\u00e4tze und andere Arten der Unterkunft zur Verf\u00fcgung, um den Urlaub in der Toskana unvergesslich zu machen. Unsere Mobilheime verf\u00fcgen, je nach Kategorie, \u00fcber 4 oder 5 Betten,...","protected":false},"author":1,"featured_media":0,"parent":0,"menu_order":0,"comment_status":"closed","ping_status":"closed","template":"","meta":[],"acf":[],"yoast_head":"<!-- This site is optimized with the Yoast SEO plugin v17.5 - https:\/\/yoast.com\/wordpress\/plugins\/seo\/ -->\n<title>4-sterne campingplatz in der toskana | Parco delle Piscine<\/title>\n<meta name=\"robots\" content=\"index, follow, max-snippet:-1, max-image-preview:large, max-video-preview:-1\" \/>\n<link rel=\"canonical\" href=\"https:\/\/parcodellepiscine.it\/de\/4-sterne-campingplatz-in-der-toskana\/\" \/>\n<meta property=\"og:locale\" content=\"de_DE\" \/>\n<meta property=\"og:type\" content=\"article\" \/>\n<meta property=\"og:title\" content=\"4-sterne campingplatz in der toskana | Parco delle Piscine\" \/>\n<meta property=\"og:url\" content=\"https:\/\/parcodellepiscine.it\/de\/4-sterne-campingplatz-in-der-toskana\/\" \/>\n<meta property=\"og:site_name\" content=\"Parco delle Piscine\" \/>\n<meta property=\"article:publisher\" content=\"https:\/\/www.facebook.com\/parcodellepiscine.sarteano\/\" \/>\n<meta property=\"article:modified_time\" content=\"2022-05-03T13:33:19+00:00\" \/>\n<meta name=\"twitter:card\" content=\"summary_large_image\" \/>\n<meta name=\"twitter:site\" content=\"@Parcopiscine\" \/>\n<meta name=\"twitter:label1\" content=\"Gesch\u00e4tzte Lesezeit\" \/>\n\t<meta name=\"twitter:data1\" content=\"5 Minuten\" \/>\n<script type=\"application\/ld+json\" class=\"yoast-schema-graph\">{\"@context\":\"https:\/\/schema.org\",\"@graph\":[{\"@type\":\"Organization\",\"@id\":\"https:\/\/parcodellepiscine.it\/#organization\",\"name\":\"Parco delle Piscine\",\"url\":\"https:\/\/parcodellepiscine.it\/\",\"sameAs\":[\"https:\/\/www.facebook.com\/parcodellepiscine.sarteano\/\",\"https:\/\/www.instagram.com\/parco_delle_piscine_sarteano\/\",\"https:\/\/www.youtube.com\/playlist?list=PLlmqBT-RHG23qLOF_DGv9w-_B3_uVa9Ur\",\"https:\/\/twitter.com\/Parcopiscine\"],\"logo\":{\"@type\":\"ImageObject\",\"@id\":\"https:\/\/parcodellepiscine.it\/#logo\",\"inLanguage\":\"de-DE\",\"url\":\"https:\/\/parcodellepiscine.it\/wp-content\/uploads\/2021\/11\/parco-delle-piscine-sarteano-siena-piscine-02.jpeg\",\"contentUrl\":\"https:\/\/parcodellepiscine.it\/wp-content\/uploads\/2021\/11\/parco-delle-piscine-sarteano-siena-piscine-02.jpeg\",\"width\":1280,\"height\":720,\"caption\":\"Parco delle Piscine\"},\"image\":{\"@id\":\"https:\/\/parcodellepiscine.it\/#logo\"}},{\"@type\":\"WebSite\",\"@id\":\"https:\/\/parcodellepiscine.it\/#website\",\"url\":\"https:\/\/parcodellepiscine.it\/\",\"name\":\"Parco delle Piscine Sarteano\",\"description\":\"Camping Village a quattro stelle\",\"publisher\":{\"@id\":\"https:\/\/parcodellepiscine.it\/#organization\"},\"potentialAction\":[{\"@type\":\"SearchAction\",\"target\":{\"@type\":\"EntryPoint\",\"urlTemplate\":\"https:\/\/parcodellepiscine.it\/?s={search_term_string}\"},\"query-input\":\"required name=search_term_string\"}],\"inLanguage\":\"de-DE\"},{\"@type\":\"WebPage\",\"@id\":\"https:\/\/parcodellepiscine.it\/de\/4-sterne-campingplatz-in-der-toskana\/#webpage\",\"url\":\"https:\/\/parcodellepiscine.it\/de\/4-sterne-campingplatz-in-der-toskana\/\",\"name\":\"4-sterne campingplatz in der toskana | Parco delle Piscine\",\"isPartOf\":{\"@id\":\"https:\/\/parcodellepiscine.it\/#website\"},\"datePublished\":\"2021-11-19T12:55:53+00:00\",\"dateModified\":\"2022-05-03T13:33:19+00:00\",\"breadcrumb\":{\"@id\":\"https:\/\/parcodellepiscine.it\/de\/4-sterne-campingplatz-in-der-toskana\/#breadcrumb\"},\"inLanguage\":\"de-DE\",\"potentialAction\":[{\"@type\":\"ReadAction\",\"target\":[\"https:\/\/parcodellepiscine.it\/de\/4-sterne-campingplatz-in-der-toskana\/\"]}]},{\"@type\":\"BreadcrumbList\",\"@id\":\"https:\/\/parcodellepiscine.it\/de\/4-sterne-campingplatz-in-der-toskana\/#breadcrumb\",\"itemListElement\":[{\"@type\":\"ListItem\",\"position\":1,\"name\":\"Home\",\"item\":\"https:\/\/parcodellepiscine.it\/de\/\"},{\"@type\":\"ListItem\",\"position\":2,\"name\":\"4-sterne campingplatz in der toskana\"}]}]}<\/script>\n<!-- \/ Yoast SEO plugin. -->","yoast_head_json":{"title":"4-sterne campingplatz in der toskana | Parco delle Piscine","robots":{"index":"index","follow":"follow","max-snippet":"max-snippet:-1","max-image-preview":"max-image-preview:large","max-video-preview":"max-video-preview:-1"},"canonical":"https:\/\/parcodellepiscine.it\/de\/4-sterne-campingplatz-in-der-toskana\/","og_locale":"de_DE","og_type":"article","og_title":"4-sterne campingplatz in der toskana | Parco delle Piscine","og_url":"https:\/\/parcodellepiscine.it\/de\/4-sterne-campingplatz-in-der-toskana\/","og_site_name":"Parco delle Piscine","article_publisher":"https:\/\/www.facebook.com\/parcodellepiscine.sarteano\/","article_modified_time":"2022-05-03T13:33:19+00:00","twitter_card":"summary_large_image","twitter_site":"@Parcopiscine","twitter_misc":{"Gesch\u00e4tzte Lesezeit":"5 Minuten"},"schema":{"@context":"https:\/\/schema.org","@graph":[{"@type":"Organization","@id":"https:\/\/parcodellepiscine.it\/#organization","name":"Parco delle Piscine","url":"https:\/\/parcodellepiscine.it\/","sameAs":["https:\/\/www.facebook.com\/parcodellepiscine.sarteano\/","https:\/\/www.instagram.com\/parco_delle_piscine_sarteano\/","https:\/\/www.youtube.com\/playlist?list=PLlmqBT-RHG23qLOF_DGv9w-_B3_uVa9Ur","https:\/\/twitter.com\/Parcopiscine"],"logo":{"@type":"ImageObject","@id":"https:\/\/parcodellepiscine.it\/#logo","inLanguage":"de-DE","url":"https:\/\/parcodellepiscine.it\/wp-content\/uploads\/2021\/11\/parco-delle-piscine-sarteano-siena-piscine-02.jpeg","contentUrl":"https:\/\/parcodellepiscine.it\/wp-content\/uploads\/2021\/11\/parco-delle-piscine-sarteano-siena-piscine-02.jpeg","width":1280,"height":720,"caption":"Parco delle Piscine"},"image":{"@id":"https:\/\/parcodellepiscine.it\/#logo"}},{"@type":"WebSite","@id":"https:\/\/parcodellepiscine.it\/#website","url":"https:\/\/parcodellepiscine.it\/","name":"Parco delle Piscine Sarteano","description":"Camping Village a quattro stelle","publisher":{"@id":"https:\/\/parcodellepiscine.it\/#organization"},"potentialAction":[{"@type":"SearchAction","target":{"@type":"EntryPoint","urlTemplate":"https:\/\/parcodellepiscine.it\/?s={search_term_string}"},"query-input":"required name=search_term_string"}],"inLanguage":"de-DE"},{"@type":"WebPage","@id":"https:\/\/parcodellepiscine.it\/de\/4-sterne-campingplatz-in-der-toskana\/#webpage","url":"https:\/\/parcodellepiscine.it\/de\/4-sterne-campingplatz-in-der-toskana\/","name":"4-sterne campingplatz in der toskana | Parco delle Piscine","isPartOf":{"@id":"https:\/\/parcodellepiscine.it\/#website"},"datePublished":"2021-11-19T12:55:53+00:00","dateModified":"2022-05-03T13:33:19+00:00","breadcrumb":{"@id":"https:\/\/parcodellepiscine.it\/de\/4-sterne-campingplatz-in-der-toskana\/#breadcrumb"},"inLanguage":"de-DE","potentialAction":[{"@type":"ReadAction","target":["https:\/\/parcodellepiscine.it\/de\/4-sterne-campingplatz-in-der-toskana\/"]}]},{"@type":"BreadcrumbList","@id":"https:\/\/parcodellepiscine.it\/de\/4-sterne-campingplatz-in-der-toskana\/#breadcrumb","itemListElement":[{"@type":"ListItem","position":1,"name":"Home","item":"https:\/\/parcodellepiscine.it\/de\/"},{"@type":"ListItem","position":2,"name":"4-sterne campingplatz in der toskana"}]}]}},"_links":{"self":[{"href":"https:\/\/parcodellepiscine.it\/de\/wp-json\/wp\/v2\/pages\/1658"}],"collection":[{"href":"https:\/\/parcodellepiscine.it\/de\/wp-json\/wp\/v2\/pages"}],"about":[{"href":"https:\/\/parcodellepiscine.it\/de\/wp-json\/wp\/v2\/types\/page"}],"author":[{"embeddable":true,"href":"https:\/\/parcodellepiscine.it\/de\/wp-json\/wp\/v2\/users\/1"}],"replies":[{"embeddable":true,"href":"https:\/\/parcodellepiscine.it\/de\/wp-json\/wp\/v2\/comments?post=1658"}],"version-history":[{"count":4,"href":"https:\/\/parcodellepiscine.it\/de\/wp-json\/wp\/v2\/pages\/1658\/revisions"}],"predecessor-version":[{"id":2477,"href":"https:\/\/parcodellepiscine.it\/de\/wp-json\/wp\/v2\/pages\/1658\/revisions\/2477"}],"wp:attachment":[{"href":"https:\/\/parcodellepiscine.it\/de\/wp-json\/wp\/v2\/media?parent=1658"}],"curies":[{"name":"wp","href":"https:\/\/api.w.org\/{rel}","templated":true}]}}