{"id":1645,"date":"2021-11-11T12:13:41","date_gmt":"2021-11-11T12:13:41","guid":{"rendered":"https:\/\/parcodellepiscine.it\/angebote\/"},"modified":"2024-03-25T10:12:11","modified_gmt":"2024-03-25T10:12:11","slug":"angebote-urlaub-toskana","status":"publish","type":"page","link":"https:\/\/parcodellepiscine.it\/de\/angebote-urlaub-toskana\/","title":{"rendered":"Angebote"},"content":{"rendered":"<section class=\"l-section wpb_row height_small width_full with_img\"><div class=\"l-section-img\" style=\"background-image: url(https:\/\/parcodellepiscine.it\/wp-content\/uploads\/2021\/11\/parco-delle-piscine-sarteano-offerte-01.jpg);background-position: bottom center;background-repeat: no-repeat;\" data-img-width=\"1800\" data-img-height=\"1013\"><\/div><div class=\"l-section-h i-cf\"><div class=\"g-cols via_grid cols_1 laptops-cols_inherit tablets-cols_inherit mobiles-cols_1 valign_top type_default\"><div class=\"wpb_column vc_column_container\"><div class=\"vc_column-inner\"><div class=\"ult-spacer spacer-69ea26e1c5588\" data-id=\"69ea26e1c5588\" data-height=\"400\" data-height-mobile=\"400\" data-height-tab=\"400\" data-height-tab-portrait=\"\" data-height-mobile-landscape=\"\" style=\"clear:both;display:block;\"><\/div><\/div><\/div><\/div><\/div><\/section><section class=\"l-section wpb_row height_medium\"><div class=\"l-section-h i-cf\"><div class=\"g-cols via_grid cols_1 laptops-cols_inherit tablets-cols_inherit mobiles-cols_1 valign_top type_default\"><div class=\"wpb_column vc_column_container\"><div class=\"vc_column-inner\"><div class=\"wpb_text_column us_custom_98ad5d8d has_text_color\"><div class=\"wpb_wrapper\"><h1 style=\"text-align: center;\">Angebote f\u00fcr urlaub in der toskana<\/h1>\n<\/div><\/div><div class=\"w-separator us_custom_c772279b size_small has_font_size with_line width_50 thick_1 style_solid color_primary align_center with_content\"><div class=\"w-separator-h\"><i class=\"far fa-envira\"><\/i><\/div><\/div><div class=\"wpb_text_column us_custom_926b8073 has_text_color\"><div class=\"wpb_wrapper\"><h3 style=\"text-align: center;\">Entdecken Sie alle Angebote<\/h3>\n<\/div><\/div><div class=\"g-cols wpb_row via_grid cols_1-4-1 laptops-cols_inherit tablets-cols_inherit mobiles-cols_1 valign_top type_default\"><div class=\"wpb_column vc_column_container\"><div class=\"vc_column-inner\"><\/div><\/div><div class=\"wpb_column vc_column_container\"><div class=\"vc_column-inner\"><div class=\"wpb_text_column\"><div class=\"wpb_wrapper\"><p style=\"text-align: center;\">Der Campingplatz Parco delle Piscine bietet seinen G\u00e4sten viele Angebote und Aktionen, um den Urlaub in Sarteano in der Toskana wirklich einzigartig zu machen.<\/p>\n<\/div><\/div><\/div><\/div><div class=\"wpb_column vc_column_container\"><div class=\"vc_column-inner\"><\/div><\/div><\/div><\/div><\/div><\/div><\/div><\/section><section class=\"l-section wpb_row height_medium\"><div class=\"l-section-h i-cf\"><div class=\"g-cols via_grid cols_1 laptops-cols_inherit tablets-cols_inherit mobiles-cols_1 valign_top type_default\"><div class=\"wpb_column vc_column_container\"><div class=\"vc_column-inner\"><div class=\"w-grid type_grid layout_532 cols_2 overflow_hidden\" id=\"us_grid_1\" data-filterable=\"true\"><style>#us_grid_1 .w-grid-item{padding:1.5rem}#us_grid_1 .w-grid-list{margin:-1.5rem}.w-grid + #us_grid_1 .w-grid-list{margin-top:1.5rem}@media (max-width:599px){#us_grid_1 .w-grid-list{margin:0}#us_grid_1 .w-grid-item{width:100%;padding:0;margin-bottom:1.5rem}}.layout_532 .w-grid-item-h{background:var(--color-header-transparent-bg);color:var(--color-content-heading)}.layout_532 .usg_vwrapper_2{transition-duration:0.3s;transform-origin:50% 50%;transform:scale(1) translate(0%,0%)}.layout_532 .w-grid-item-h:hover .usg_vwrapper_2{transform:scale(1.05) translate(0%,0%);opacity:1}.layout_532 .usg_vwrapper_1{padding:15px!important}.layout_532 .usg_post_title_1{color:var(--color-header-middle-bg)!important;font-family:Dancing Script!important;font-size:35px!important}.layout_532 .usg_btn_1{text-align:right!important}.layout_532 .usg_hwrapper_1{margin-top:-20px!important;padding:15px!important}.layout_532 .usg_vwrapper_2{background:var(--color-chrome-toolbar)!important}<\/style><div class=\"w-grid-list\">\t<article class=\"w-grid-item size_1x1 post-2990 post type-post status-publish format-standard has-post-thumbnail hentry category-angebote\" data-id=\"2990\">\r\n\t\t<div class=\"w-grid-item-h\">\r\n\t\t\t\t\t\t<div class=\"w-vwrapper usg_vwrapper_2 align_none valign_top\"><div class=\"w-post-elm post_image usg_post_image_1 has_ratio\"><div style=\"padding-bottom:56.25%\"><\/div><a href=\"https:\/\/parcodellepiscine.it\/de\/angebote-fuer-die-saison-2026-2\/\" aria-label=\"Angebote f\u00fcr die saison 2026\"><img width=\"1024\" height=\"576\" src=\"https:\/\/parcodellepiscine.it\/wp-content\/uploads\/2022\/04\/parco-delle-piscine-sarteano-offerte-070-1024x576.jpeg\" class=\"attachment-large size-large wp-post-image\" alt=\"\" loading=\"lazy\" srcset=\"https:\/\/parcodellepiscine.it\/wp-content\/uploads\/2022\/04\/parco-delle-piscine-sarteano-offerte-070-1024x576.jpeg 1024w, https:\/\/parcodellepiscine.it\/wp-content\/uploads\/2022\/04\/parco-delle-piscine-sarteano-offerte-070-300x169.jpeg 300w, https:\/\/parcodellepiscine.it\/wp-content\/uploads\/2022\/04\/parco-delle-piscine-sarteano-offerte-070-100x56.jpeg 100w, https:\/\/parcodellepiscine.it\/wp-content\/uploads\/2022\/04\/parco-delle-piscine-sarteano-offerte-070.jpeg 1920w\" sizes=\"(max-width: 1024px) 100vw, 1024px\" \/><\/a><\/div><div class=\"w-vwrapper usg_vwrapper_1 align_center valign_top\"><h2 class=\"w-post-elm post_title usg_post_title_1 entry-title color_link_inherit has_text_color\"><a href=\"https:\/\/parcodellepiscine.it\/de\/angebote-fuer-die-saison-2026-2\/\">Angebote f\u00fcr die saison 2026<\/a><\/h2><div class=\"w-post-elm post_content usg_post_content_1\"><p>Von 17\/04\/2026 ein 24\/05\/2026<\/p>\n<\/div><\/div><div class=\"w-hwrapper usg_hwrapper_1 align_center valign_top\" style=\"--hwrapper-gap:1.20rem\"><a class=\"w-btn us-btn-style_3 usg_btn_1\" href=\"https:\/\/parcodellepiscine.it\/de\/angebote-fuer-die-saison-2026-2\/\"><span class=\"w-btn-label\">Details<\/span><\/a><\/div><\/div>\t\t<\/div>\r\n\t<\/article>\r\n\t<article class=\"w-grid-item size_1x1 post-1597 post type-post status-publish format-standard has-post-thumbnail hentry category-angebote\" data-id=\"1597\">\r\n\t\t<div class=\"w-grid-item-h\">\r\n\t\t\t\t\t\t<div class=\"w-vwrapper usg_vwrapper_2 align_none valign_top\"><div class=\"w-post-elm post_image usg_post_image_1 has_ratio\"><div style=\"padding-bottom:56.25%\"><\/div><a href=\"https:\/\/parcodellepiscine.it\/de\/angebote-fuer-die-saison-2026\/\" aria-label=\"Angebote f\u00fcr die saison 2026\"><img width=\"1024\" height=\"576\" src=\"https:\/\/parcodellepiscine.it\/wp-content\/uploads\/2022\/04\/parco-delle-piscine-sarteano-offerte-070-1024x576.jpeg\" class=\"attachment-large size-large wp-post-image\" alt=\"\" loading=\"lazy\" srcset=\"https:\/\/parcodellepiscine.it\/wp-content\/uploads\/2022\/04\/parco-delle-piscine-sarteano-offerte-070-1024x576.jpeg 1024w, https:\/\/parcodellepiscine.it\/wp-content\/uploads\/2022\/04\/parco-delle-piscine-sarteano-offerte-070-300x169.jpeg 300w, https:\/\/parcodellepiscine.it\/wp-content\/uploads\/2022\/04\/parco-delle-piscine-sarteano-offerte-070-100x56.jpeg 100w, https:\/\/parcodellepiscine.it\/wp-content\/uploads\/2022\/04\/parco-delle-piscine-sarteano-offerte-070.jpeg 1920w\" sizes=\"(max-width: 1024px) 100vw, 1024px\" \/><\/a><\/div><div class=\"w-vwrapper usg_vwrapper_1 align_center valign_top\"><h2 class=\"w-post-elm post_title usg_post_title_1 entry-title color_link_inherit has_text_color\"><a href=\"https:\/\/parcodellepiscine.it\/de\/angebote-fuer-die-saison-2026\/\">Angebote f\u00fcr die saison 2026<\/a><\/h2><div class=\"w-post-elm post_content usg_post_content_1\"><p>Von 25\/05\/2026 ein 19\/07\/2026 und von 24\/08\/2026 ein 27\/09\/2026<\/p>\n<\/div><\/div><div class=\"w-hwrapper usg_hwrapper_1 align_center valign_top\" style=\"--hwrapper-gap:1.20rem\"><a class=\"w-btn us-btn-style_3 usg_btn_1\" href=\"https:\/\/parcodellepiscine.it\/de\/angebote-fuer-die-saison-2026\/\"><span class=\"w-btn-label\">Details<\/span><\/a><\/div><\/div>\t\t<\/div>\r\n\t<\/article>\r\n<\/div><div class=\"w-grid-preloader\"><div class=\"g-preloader type_1\">\r\n\t<div><\/div>\r\n<\/div>\r\n<\/div>\t<div class=\"w-grid-json hidden\" onclick='return {&quot;action&quot;:&quot;us_ajax_grid&quot;,&quot;ajax_url&quot;:&quot;https:\\\/\\\/parcodellepiscine.it\\\/wp-admin\\\/admin-ajax.php&quot;,&quot;infinite_scroll&quot;:0,&quot;max_num_pages&quot;:1,&quot;pagination&quot;:&quot;none&quot;,&quot;permalink_url&quot;:&quot;https:\\\/\\\/parcodellepiscine.it\\\/de\\\/wp-json\\\/wp\\\/v2\\\/pages\\\/1645\\\/&quot;,&quot;template_vars&quot;:{&quot;columns&quot;:&quot;2&quot;,&quot;exclude_items&quot;:&quot;none&quot;,&quot;img_size&quot;:&quot;default&quot;,&quot;ignore_items_size&quot;:false,&quot;items_layout&quot;:&quot;532&quot;,&quot;items_offset&quot;:&quot;1&quot;,&quot;load_animation&quot;:&quot;none&quot;,&quot;overriding_link&quot;:&quot;none&quot;,&quot;post_id&quot;:1645,&quot;query_args&quot;:{&quot;post_type&quot;:[&quot;post&quot;],&quot;tax_query&quot;:[{&quot;taxonomy&quot;:&quot;category&quot;,&quot;field&quot;:&quot;slug&quot;,&quot;terms&quot;:[&quot;angebote&quot;]}],&quot;post_status&quot;:[&quot;publish&quot;,&quot;acf-disabled&quot;,&quot;dp-rewrite-republish&quot;],&quot;posts_per_page&quot;:&quot;10&quot;},&quot;orderby_query_args&quot;:{&quot;orderby&quot;:{&quot;modified&quot;:&quot;DESC&quot;,&quot;date&quot;:&quot;DESC&quot;}},&quot;type&quot;:&quot;grid&quot;,&quot;us_grid_ajax_index&quot;:1,&quot;us_grid_filter_params&quot;:null,&quot;us_grid_index&quot;:1,&quot;_us_grid_post_type&quot;:&quot;post&quot;,&quot;lang&quot;:&quot;de&quot;}}'><\/div>\r\n\t<\/div><\/div><\/div><\/div><\/div><\/section>\n","protected":false},"excerpt":{"rendered":"Angebote f\u00fcr die Saison 2026 G\u00dcLTIGKEIT: Von 25\/05\/2026 ein 19\/07\/2026 und von 24\/08\/2026 ein 27\/09\/2026 BESCHREIBUNG: Bei einem 7-t\u00e4gigen Aufenthalt erhalten Sie einen Urlaubstag gratis (7=6), bei einem 14-t\u00e4gigen Aufenthalt zwei Urlaubstage gratis (14=12) und bei einem 21-t\u00e4gigen Aufenthalt drei Urlaubstage gratis (21=18).","protected":false},"author":1,"featured_media":1646,"parent":0,"menu_order":0,"comment_status":"closed","ping_status":"closed","template":"","meta":[],"acf":[],"yoast_head":"<!-- This site is optimized with the Yoast SEO plugin v17.5 - https:\/\/yoast.com\/wordpress\/plugins\/seo\/ -->\n<title>Angebote Campingplatz in der Toskana, Urlaub in der Toskana, Aktionen<\/title>\n<meta name=\"description\" content=\"Entdecken Sie alle Angebote und Aktionen unseres Campingplatzes f\u00fcr Ihren Urlaub in der Toskana. Campingplatz in Sarteano, mit Pools mit Thermalwasser.\" \/>\n<meta name=\"robots\" content=\"index, follow, max-snippet:-1, max-image-preview:large, max-video-preview:-1\" \/>\n<link rel=\"canonical\" href=\"https:\/\/parcodellepiscine.it\/de\/angebote-urlaub-toskana\/\" \/>\n<meta property=\"og:locale\" content=\"de_DE\" \/>\n<meta property=\"og:type\" content=\"article\" \/>\n<meta property=\"og:title\" content=\"Angebote Campingplatz in der Toskana, Urlaub in der Toskana, Aktionen\" \/>\n<meta property=\"og:description\" content=\"Entdecken Sie alle Angebote und Aktionen unseres Campingplatzes f\u00fcr Ihren Urlaub in der Toskana. Campingplatz in Sarteano, mit Pools mit Thermalwasser.\" \/>\n<meta property=\"og:url\" content=\"https:\/\/parcodellepiscine.it\/de\/angebote-urlaub-toskana\/\" \/>\n<meta property=\"og:site_name\" content=\"Parco delle Piscine\" \/>\n<meta property=\"article:publisher\" content=\"https:\/\/www.facebook.com\/parcodellepiscine.sarteano\/\" \/>\n<meta property=\"article:modified_time\" content=\"2024-03-25T10:12:11+00:00\" \/>\n<meta property=\"og:image\" content=\"https:\/\/parcodellepiscine.it\/wp-content\/uploads\/2021\/11\/parco-delle-piscine-campeggio-villaggio-quattro-stelle-siena-08.jpeg\" \/>\n\t<meta property=\"og:image:width\" content=\"1920\" \/>\n\t<meta property=\"og:image:height\" content=\"1080\" \/>\n<meta name=\"twitter:card\" content=\"summary_large_image\" \/>\n<meta name=\"twitter:site\" content=\"@Parcopiscine\" \/>\n<meta name=\"twitter:label1\" content=\"Gesch\u00e4tzte Lesezeit\" \/>\n\t<meta name=\"twitter:data1\" content=\"1 Minute\" \/>\n<script type=\"application\/ld+json\" class=\"yoast-schema-graph\">{\"@context\":\"https:\/\/schema.org\",\"@graph\":[{\"@type\":\"Organization\",\"@id\":\"https:\/\/parcodellepiscine.it\/#organization\",\"name\":\"Parco delle Piscine\",\"url\":\"https:\/\/parcodellepiscine.it\/\",\"sameAs\":[\"https:\/\/www.facebook.com\/parcodellepiscine.sarteano\/\",\"https:\/\/www.instagram.com\/parco_delle_piscine_sarteano\/\",\"https:\/\/www.youtube.com\/playlist?list=PLlmqBT-RHG23qLOF_DGv9w-_B3_uVa9Ur\",\"https:\/\/twitter.com\/Parcopiscine\"],\"logo\":{\"@type\":\"ImageObject\",\"@id\":\"https:\/\/parcodellepiscine.it\/#logo\",\"inLanguage\":\"de-DE\",\"url\":\"https:\/\/parcodellepiscine.it\/wp-content\/uploads\/2021\/11\/parco-delle-piscine-sarteano-siena-piscine-02.jpeg\",\"contentUrl\":\"https:\/\/parcodellepiscine.it\/wp-content\/uploads\/2021\/11\/parco-delle-piscine-sarteano-siena-piscine-02.jpeg\",\"width\":1280,\"height\":720,\"caption\":\"Parco delle Piscine\"},\"image\":{\"@id\":\"https:\/\/parcodellepiscine.it\/#logo\"}},{\"@type\":\"WebSite\",\"@id\":\"https:\/\/parcodellepiscine.it\/#website\",\"url\":\"https:\/\/parcodellepiscine.it\/\",\"name\":\"Parco delle Piscine Sarteano\",\"description\":\"Camping Village a quattro stelle\",\"publisher\":{\"@id\":\"https:\/\/parcodellepiscine.it\/#organization\"},\"potentialAction\":[{\"@type\":\"SearchAction\",\"target\":{\"@type\":\"EntryPoint\",\"urlTemplate\":\"https:\/\/parcodellepiscine.it\/?s={search_term_string}\"},\"query-input\":\"required name=search_term_string\"}],\"inLanguage\":\"de-DE\"},{\"@type\":\"ImageObject\",\"@id\":\"https:\/\/parcodellepiscine.it\/de\/angebote-urlaub-toskana\/#primaryimage\",\"inLanguage\":\"de-DE\",\"url\":\"https:\/\/parcodellepiscine.it\/wp-content\/uploads\/2021\/11\/parco-delle-piscine-campeggio-villaggio-quattro-stelle-siena-08.jpeg\",\"contentUrl\":\"https:\/\/parcodellepiscine.it\/wp-content\/uploads\/2021\/11\/parco-delle-piscine-campeggio-villaggio-quattro-stelle-siena-08.jpeg\",\"width\":1920,\"height\":1080},{\"@type\":\"WebPage\",\"@id\":\"https:\/\/parcodellepiscine.it\/de\/angebote-urlaub-toskana\/#webpage\",\"url\":\"https:\/\/parcodellepiscine.it\/de\/angebote-urlaub-toskana\/\",\"name\":\"Angebote Campingplatz in der Toskana, Urlaub in der Toskana, Aktionen\",\"isPartOf\":{\"@id\":\"https:\/\/parcodellepiscine.it\/#website\"},\"primaryImageOfPage\":{\"@id\":\"https:\/\/parcodellepiscine.it\/de\/angebote-urlaub-toskana\/#primaryimage\"},\"datePublished\":\"2021-11-11T12:13:41+00:00\",\"dateModified\":\"2024-03-25T10:12:11+00:00\",\"description\":\"Entdecken Sie alle Angebote und Aktionen unseres Campingplatzes f\\u00fcr Ihren Urlaub in der Toskana. Campingplatz in Sarteano, mit Pools mit Thermalwasser.\",\"breadcrumb\":{\"@id\":\"https:\/\/parcodellepiscine.it\/de\/angebote-urlaub-toskana\/#breadcrumb\"},\"inLanguage\":\"de-DE\",\"potentialAction\":[{\"@type\":\"ReadAction\",\"target\":[\"https:\/\/parcodellepiscine.it\/de\/angebote-urlaub-toskana\/\"]}]},{\"@type\":\"BreadcrumbList\",\"@id\":\"https:\/\/parcodellepiscine.it\/de\/angebote-urlaub-toskana\/#breadcrumb\",\"itemListElement\":[{\"@type\":\"ListItem\",\"position\":1,\"name\":\"Home\",\"item\":\"https:\/\/parcodellepiscine.it\/de\/\"},{\"@type\":\"ListItem\",\"position\":2,\"name\":\"Angebote\"}]}]}<\/script>\n<!-- \/ Yoast SEO plugin. -->","yoast_head_json":{"title":"Angebote Campingplatz in der Toskana, Urlaub in der Toskana, Aktionen","description":"Entdecken Sie alle Angebote und Aktionen unseres Campingplatzes f\u00fcr Ihren Urlaub in der Toskana. Campingplatz in Sarteano, mit Pools mit Thermalwasser.","robots":{"index":"index","follow":"follow","max-snippet":"max-snippet:-1","max-image-preview":"max-image-preview:large","max-video-preview":"max-video-preview:-1"},"canonical":"https:\/\/parcodellepiscine.it\/de\/angebote-urlaub-toskana\/","og_locale":"de_DE","og_type":"article","og_title":"Angebote Campingplatz in der Toskana, Urlaub in der Toskana, Aktionen","og_description":"Entdecken Sie alle Angebote und Aktionen unseres Campingplatzes f\u00fcr Ihren Urlaub in der Toskana. Campingplatz in Sarteano, mit Pools mit Thermalwasser.","og_url":"https:\/\/parcodellepiscine.it\/de\/angebote-urlaub-toskana\/","og_site_name":"Parco delle Piscine","article_publisher":"https:\/\/www.facebook.com\/parcodellepiscine.sarteano\/","article_modified_time":"2024-03-25T10:12:11+00:00","og_image":[{"width":1920,"height":1080,"url":"https:\/\/parcodellepiscine.it\/wp-content\/uploads\/2021\/11\/parco-delle-piscine-campeggio-villaggio-quattro-stelle-siena-08.jpeg","type":"image\/jpeg"}],"twitter_card":"summary_large_image","twitter_site":"@Parcopiscine","twitter_misc":{"Gesch\u00e4tzte Lesezeit":"1 Minute"},"schema":{"@context":"https:\/\/schema.org","@graph":[{"@type":"Organization","@id":"https:\/\/parcodellepiscine.it\/#organization","name":"Parco delle Piscine","url":"https:\/\/parcodellepiscine.it\/","sameAs":["https:\/\/www.facebook.com\/parcodellepiscine.sarteano\/","https:\/\/www.instagram.com\/parco_delle_piscine_sarteano\/","https:\/\/www.youtube.com\/playlist?list=PLlmqBT-RHG23qLOF_DGv9w-_B3_uVa9Ur","https:\/\/twitter.com\/Parcopiscine"],"logo":{"@type":"ImageObject","@id":"https:\/\/parcodellepiscine.it\/#logo","inLanguage":"de-DE","url":"https:\/\/parcodellepiscine.it\/wp-content\/uploads\/2021\/11\/parco-delle-piscine-sarteano-siena-piscine-02.jpeg","contentUrl":"https:\/\/parcodellepiscine.it\/wp-content\/uploads\/2021\/11\/parco-delle-piscine-sarteano-siena-piscine-02.jpeg","width":1280,"height":720,"caption":"Parco delle Piscine"},"image":{"@id":"https:\/\/parcodellepiscine.it\/#logo"}},{"@type":"WebSite","@id":"https:\/\/parcodellepiscine.it\/#website","url":"https:\/\/parcodellepiscine.it\/","name":"Parco delle Piscine Sarteano","description":"Camping Village a quattro stelle","publisher":{"@id":"https:\/\/parcodellepiscine.it\/#organization"},"potentialAction":[{"@type":"SearchAction","target":{"@type":"EntryPoint","urlTemplate":"https:\/\/parcodellepiscine.it\/?s={search_term_string}"},"query-input":"required name=search_term_string"}],"inLanguage":"de-DE"},{"@type":"ImageObject","@id":"https:\/\/parcodellepiscine.it\/de\/angebote-urlaub-toskana\/#primaryimage","inLanguage":"de-DE","url":"https:\/\/parcodellepiscine.it\/wp-content\/uploads\/2021\/11\/parco-delle-piscine-campeggio-villaggio-quattro-stelle-siena-08.jpeg","contentUrl":"https:\/\/parcodellepiscine.it\/wp-content\/uploads\/2021\/11\/parco-delle-piscine-campeggio-villaggio-quattro-stelle-siena-08.jpeg","width":1920,"height":1080},{"@type":"WebPage","@id":"https:\/\/parcodellepiscine.it\/de\/angebote-urlaub-toskana\/#webpage","url":"https:\/\/parcodellepiscine.it\/de\/angebote-urlaub-toskana\/","name":"Angebote Campingplatz in der Toskana, Urlaub in der Toskana, Aktionen","isPartOf":{"@id":"https:\/\/parcodellepiscine.it\/#website"},"primaryImageOfPage":{"@id":"https:\/\/parcodellepiscine.it\/de\/angebote-urlaub-toskana\/#primaryimage"},"datePublished":"2021-11-11T12:13:41+00:00","dateModified":"2024-03-25T10:12:11+00:00","description":"Entdecken Sie alle Angebote und Aktionen unseres Campingplatzes f\u00fcr Ihren Urlaub in der Toskana. Campingplatz in Sarteano, mit Pools mit Thermalwasser.","breadcrumb":{"@id":"https:\/\/parcodellepiscine.it\/de\/angebote-urlaub-toskana\/#breadcrumb"},"inLanguage":"de-DE","potentialAction":[{"@type":"ReadAction","target":["https:\/\/parcodellepiscine.it\/de\/angebote-urlaub-toskana\/"]}]},{"@type":"BreadcrumbList","@id":"https:\/\/parcodellepiscine.it\/de\/angebote-urlaub-toskana\/#breadcrumb","itemListElement":[{"@type":"ListItem","position":1,"name":"Home","item":"https:\/\/parcodellepiscine.it\/de\/"},{"@type":"ListItem","position":2,"name":"Angebote"}]}]}},"_links":{"self":[{"href":"https:\/\/parcodellepiscine.it\/de\/wp-json\/wp\/v2\/pages\/1645"}],"collection":[{"href":"https:\/\/parcodellepiscine.it\/de\/wp-json\/wp\/v2\/pages"}],"about":[{"href":"https:\/\/parcodellepiscine.it\/de\/wp-json\/wp\/v2\/types\/page"}],"author":[{"embeddable":true,"href":"https:\/\/parcodellepiscine.it\/de\/wp-json\/wp\/v2\/users\/1"}],"replies":[{"embeddable":true,"href":"https:\/\/parcodellepiscine.it\/de\/wp-json\/wp\/v2\/comments?post=1645"}],"version-history":[{"count":5,"href":"https:\/\/parcodellepiscine.it\/de\/wp-json\/wp\/v2\/pages\/1645\/revisions"}],"predecessor-version":[{"id":3185,"href":"https:\/\/parcodellepiscine.it\/de\/wp-json\/wp\/v2\/pages\/1645\/revisions\/3185"}],"wp:featuredmedia":[{"embeddable":true,"href":"https:\/\/parcodellepiscine.it\/de\/wp-json\/wp\/v2\/media\/1646"}],"wp:attachment":[{"href":"https:\/\/parcodellepiscine.it\/de\/wp-json\/wp\/v2\/media?parent=1645"}],"curies":[{"name":"wp","href":"https:\/\/api.w.org\/{rel}","templated":true}]}}